{"id":19421,"date":"2014-08-01T08:18:29","date_gmt":"2014-08-01T08:18:29","guid":{"rendered":"https:\/\/menslab.com\/es\/menslab\/"},"modified":"2023-09-04T09:48:46","modified_gmt":"2023-09-04T07:48:46","slug":"menslab","status":"publish","type":"page","link":"https:\/\/menslab.com\/es\/","title":{"rendered":"Menslab"},"content":{"rendered":"<p>[vc_row css_animation=\u00bb\u00bb row_type=\u00bbrow\u00bb use_row_as_full_screen_section=\u00bbno\u00bb type=\u00bbgrid\u00bb angled_section=\u00bbno\u00bb text_align=\u00bbleft\u00bb background_image_as_pattern=\u00bbwithout_pattern\u00bb background_color=\u00bb#f9f9f9&#8243; padding_top=\u00bb50&#8243; padding_bottom=\u00bb50&#8243; css=\u00bb.vc_custom_1464624974404{background-color: #f9f9f9 !important;}\u00bb][vc_column][vc_empty_space][vc_column_text]<\/p>\n<h2 style=\"text-align: center;\">Hacemos que las cosas complejas sean m\u00e1s f\u00e1ciles para que el coaching, el mentoring y la formaci\u00f3n produzcan resultados concretos para personas y organizaciones.<\/h2>\n<p>[\/vc_column_text][vc_separator type=\u00bbtransparent\u00bb up=\u00bb15&#8243;][vc_column_text]<\/p>\n<h4 style=\"text-align: center;\">El equipo internacional de Menslab propone innovadores y eficaces programas de formaci\u00f3n y especializaci\u00f3n en coaching y mentoring, escuelas empresariales y formaci\u00f3n en gesti\u00f3n para organizaciones, as\u00ed como itinerarios para el desarrollo profesional y personal.<br \/>\nCon sus coach, mentor y supervisores, Menslab desarrolla programas personalizados de coaching y mentoring para responder a las exigencias reales de evoluci\u00f3n de los clientes.<\/h4>\n<p>[\/vc_column_text][\/vc_column][\/vc_row][vc_row css_animation=\u00bb\u00bb row_type=\u00bbrow\u00bb use_row_as_full_screen_section=\u00bbno\u00bb type=\u00bbgrid\u00bb angled_section=\u00bbyes\u00bb angled_section_position=\u00bbbottom\u00bb angled_section_direction=\u00bbfrom_left_to_right\u00bb text_align=\u00bbleft\u00bb background_image_as_pattern=\u00bbwithout_pattern\u00bb padding_top=\u00bb100&#8243; padding_bottom=\u00bb100&#8243;][vc_column width=\u00bb1\/3&#8243;][vc_column_text]<\/p>\n<h2>Itinerarios para empresas<\/h2>\n<p>[\/vc_column_text][vc_separator type=\u00bbtransparent\u00bb up=\u00bb15&#8243;][vc_column_text]La oferta para empresas incluye escuelas empresariales para coach y mentor, programas de formaci\u00f3n en gesti\u00f3n, de formaci\u00f3n profesional e itinerarios de coaching y mentoring que se actualizan constantemente para garantizar la m\u00e1xima eficacia.[\/vc_column_text][vc_separator type=\u00bbtransparent\u00bb up=\u00bb15&#8243;]<a  itemprop=\"url\" href=\"https:\/\/menslab.com\/es\/itinerarios-para-empresas\/\" target=\"_self\" data-hover-background-color='#ffffff' data-hover-border-color='#00a1df' data-hover-color='#00a1df' class=\"qbutton  medium default\" style=\"color: #ffffff; border-color: #00a1df; background-color: #00a1df;\">Para saber m\u00e1s<\/a>[\/vc_column][vc_column width=\u00bb2\/3&#8243; offset=\u00bbvc_hidden-sm vc_hidden-xs\u00bb][vc_empty_space height=\u00bb10px\u00bb]\n<div class=\"q_line_graf_holder\">\n\t<div class=\"q_line_graf\" data-scale-step-width=\"20\" data-scale-steps=\"6\" data-bezier-curve=\"false\" data-scale-font-color=\"#ffffff\" data-scale-font-size=\"15\" data-labels=\"[&quot;1&quot;,&quot; 2&quot;,&quot; 3&quot;]\" data-values=\"[&quot;25,55,120&quot;,&quot;33,47,120&quot;,&quot;10,85,120&quot;]\" data-background-colors=\"[&quot;rgba(65,178,221,0.7)&quot;,&quot;rgba(193,238,255,0.7)&quot;,&quot;rgba(207,241,254,0.7)&quot;]\">\n\t\t<canvas id=\"lineGraph5124\" height=\"350\" width=\"750\"><\/canvas>\n\t<\/div>\n\t<div class=\"q_line_graf_legend\">\n\t\t<ul>\n\t\t\t\t\t\t\t<li>\n\t\t\t\t\t<div class=\"color_holder\" style=\"background-color:#41b2dd\"><\/div>\n\t\t\t\t\t<p style=\"color:#ffffff\">Formazione manageriale<\/p>\n\t\t\t\t<\/li>\n\t\t\t\t\t\t\t<li>\n\t\t\t\t\t<div class=\"color_holder\" style=\"background-color:#c1eeff\"><\/div>\n\t\t\t\t\t<p style=\"color:#ffffff\">Scuole Aziendali<\/p>\n\t\t\t\t<\/li>\n\t\t\t\t\t\t\t<li>\n\t\t\t\t\t<div class=\"color_holder\" style=\"background-color:#cff1fe\"><\/div>\n\t\t\t\t\t<p style=\"color:#ffffff\">Coaching e\u00a0Mentoring<\/p>\n\t\t\t\t<\/li>\n\t\t\t\t\t<\/ul>\n\t<\/div>\n<\/div>[\/vc_column][\/vc_row][vc_row css_animation=\u00bb\u00bb row_type=\u00bbrow\u00bb use_row_as_full_screen_section=\u00bbno\u00bb type=\u00bbgrid\u00bb angled_section=\u00bbyes\u00bb angled_section_position=\u00bbbottom\u00bb angled_section_direction=\u00bbfrom_left_to_right\u00bb text_align=\u00bbleft\u00bb background_image_as_pattern=\u00bbwithout_pattern\u00bb background_color=\u00bb#f9f9f9&#8243; padding_top=\u00bb99&#8243; padding_bottom=\u00bb100&#8243;][vc_column width=\u00bb2\/3&#8243; offset=\u00bbvc_hidden-sm vc_hidden-xs\u00bb][vc_row_inner row_type=\u00bbrow\u00bb type=\u00bbfull_width\u00bb text_align=\u00bbleft\u00bb css_animation=\u00bb\u00bb][vc_column_inner width=\u00bb1\/4&#8243;]<div class='q_progress_bars_vertical'><div class='progress_content_outer' style=''><div data-percentage='100' class='progress_content' style='background-color: rgba(239,146,43,0.55);'><\/div><\/div><h5 class='progress_title' style=''>Coaching Fundamentals<\/h5><span class='progress_number' style=''><span>100<\/span>%<\/span><span class='progress_text'><\/span><\/div>[\/vc_column_inner][vc_column_inner width=\u00bb1\/4&#8243;]<div class='q_progress_bars_vertical'><div class='progress_content_outer' style=''><div data-percentage='100' class='progress_content' style='background-color: rgba(239,146,43,0.65);'><\/div><\/div><h5 class='progress_title' style=''>Coaching Professional<\/h5><span class='progress_number' style=''><span>100<\/span>%<\/span><span class='progress_text'><\/span><\/div>[\/vc_column_inner][vc_column_inner width=\u00bb1\/4&#8243;]<div class='q_progress_bars_vertical'><div class='progress_content_outer' style=''><div data-percentage='100' class='progress_content' style='background-color: #ef922b;'><\/div><\/div><h5 class='progress_title' style=''>Coaching Mastery<\/h5><span class='progress_number' style=''><span>100<\/span>%<\/span><span class='progress_text'><\/span><\/div>[\/vc_column_inner][vc_column_inner width=\u00bb1\/4&#8243;]<div class='q_progress_bars_vertical'><div class='progress_content_outer' style=''><div data-percentage='100' class='progress_content' style='background-color: rgba(239,146,43,0.85);'><\/div><\/div><h5 class='progress_title' style=''>Certificaci\u00f3n para coach sist\u00e9mico evolutivo<\/h5><span class='progress_number' style=''><span>100<\/span>%<\/span><span class='progress_text'><\/span><\/div>[\/vc_column_inner][\/vc_row_inner][\/vc_column][vc_column width=\u00bb1\/3&#8243;][vc_column_text]<\/p>\n<h2>Formaci\u00f3n en coaching<\/h2>\n<p>[\/vc_column_text][vc_separator type=\u00bbtransparent\u00bb up=\u00bb15&#8243;][vc_column_text]La escuela de coaching ofrece programas aprobados por la International Coach Federation que permiten adquirir las competencias b\u00e1sicas, llegar a ser coach profesional y especializarse hasta llegar a la maestr\u00eda.[\/vc_column_text][vc_separator type=\u00bbtransparent\u00bb up=\u00bb15&#8243;]<a  itemprop=\"url\" href=\"https:\/\/menslab.com\/es\/formacion-en-coaching\/\" target=\"_self\" data-hover-background-color='#ffffff' data-hover-border-color='#ef922b' data-hover-color='#ef922b' class=\"qbutton  medium default\" style=\"color: #ffffff; border-color: #ef922b; background-color: #ef922b;\">Para saber m\u00e1s<\/a>[\/vc_column][\/vc_row][vc_row css_animation=\u00bb\u00bb row_type=\u00bbrow\u00bb use_row_as_full_screen_section=\u00bbno\u00bb type=\u00bbgrid\u00bb angled_section=\u00bbyes\u00bb angled_section_position=\u00bbbottom\u00bb angled_section_direction=\u00bbfrom_right_to_left\u00bb text_align=\u00bbleft\u00bb background_image_as_pattern=\u00bbwithout_pattern\u00bb padding_top=\u00bb100&#8243; padding_bottom=\u00bb100&#8243;][vc_column width=\u00bb1\/3&#8243;][vc_column_text]<\/p>\n<h2>Especializaciones en coaching<\/h2>\n<p>[\/vc_column_text][vc_separator type=\u00bbtransparent\u00bb up=\u00bb15&#8243;][vc_column_text]Los programas de alta formaci\u00f3n para coach, los diplomas internacionales y los itinerarios de mentor coaching y supervisi\u00f3n permiten a los coach profesionales y a los mentor especializarse y compararse con profesionales de \u00e9xito a nivel internacional.[\/vc_column_text][vc_separator type=\u00bbtransparent\u00bb up=\u00bb15&#8243;]<a  itemprop=\"url\" href=\"https:\/\/menslab.com\/es\/formacion-en-coaching\/diploma-de-mentor-coach\/\" target=\"_self\" data-hover-background-color='#ffffff' data-hover-border-color='#831b18' data-hover-color='#831b18' class=\"qbutton  medium default\" style=\"color: #ffffff; border-color: #831b18; background-color: #831b18;\">Para saber m\u00e1s<\/a>[\/vc_column][vc_column width=\u00bb2\/3&#8243; offset=\u00bbvc_hidden-sm vc_hidden-xs\u00bb][vc_empty_space height=\u00bb10px\u00bb]<div class='q_progress_bar'><h5 class='progress_title_holder clearfix' style=''><span class='progress_title'><span>Formaci\u00f3n de nivel avanzado para coach, mentor coach y supervisores, coach trainer<\/span><\/span><span class='progress_number' style=''><span>0<\/span>%<\/span><\/h5><div class='progress_content_outer' style=''><div data-percentage='100' class='progress_content' style='background-color: #831b18;'><\/div><\/div><\/div><div class='q_progress_bar'><h5 class='progress_title_holder clearfix' style=''><span class='progress_title'><span>Diploma en team coach y mentor<\/span><\/span><span class='progress_number' style=''><span>0<\/span>%<\/span><\/h5><div class='progress_content_outer' style=''><div data-percentage='100' class='progress_content' style='background-color: #831b18;'><\/div><\/div><\/div><div class='q_progress_bar'><h5 class='progress_title_holder clearfix' style=''><span class='progress_title'><span>Diploma en executive coach<\/span><\/span><span class='progress_number' style=''><span>0<\/span>%<\/span><\/h5><div class='progress_content_outer' style=''><div data-percentage='100' class='progress_content' style='background-color: #831b18;'><\/div><\/div><\/div><div class='q_progress_bar'><h5 class='progress_title_holder clearfix' style=''><span class='progress_title'><span>Diploma en mentor coach y supervisores<\/span><\/span><span class='progress_number' style=''><span>0<\/span>%<\/span><\/h5><div class='progress_content_outer' style=''><div data-percentage='100' class='progress_content' style='background-color: #831b18;'><\/div><\/div><\/div><div class='q_progress_bar'><h5 class='progress_title_holder clearfix' style=''><span class='progress_title'><span>Diploma en coach trainer y facilitador<\/span><\/span><span class='progress_number' style=''><span>0<\/span>%<\/span><\/h5><div class='progress_content_outer' style=''><div data-percentage='100' class='progress_content' style='background-color: #831b18;'><\/div><\/div><\/div>[\/vc_column][\/vc_row][vc_row css_animation=\u00bb\u00bb row_type=\u00bbrow\u00bb use_row_as_full_screen_section=\u00bbno\u00bb type=\u00bbgrid\u00bb angled_section=\u00bbyes\u00bb angled_section_position=\u00bbbottom\u00bb angled_section_direction=\u00bbfrom_right_to_left\u00bb text_align=\u00bbleft\u00bb background_image_as_pattern=\u00bbwithout_pattern\u00bb background_color=\u00bb#f9f9f9&#8243; padding_top=\u00bb100&#8243; padding_bottom=\u00bb100&#8243;][vc_column width=\u00bb2\/3&#8243; offset=\u00bbvc_hidden-sm vc_hidden-xs\u00bb][vc_separator type=\u00bbtransparent\u00bb thickness=\u00bb1&#8243; up=\u00bb51&#8243; down=\u00bb0&#8243;][vc_row_inner row_type=\u00bbrow\u00bb type=\u00bbfull_width\u00bb text_align=\u00bbleft\u00bb css_animation=\u00bb\u00bb][vc_column_inner width=\u00bb1\/3&#8243;]<div class=\"q_pie_chart_with_icon_holder\"><div class=\"q_percentage_with_icon\" data-percent=\"100\" data-linewidth=\"20\" data-active=\"rgba(128,167,54,0.55)\" data-noactive=\"\"><i class=\"fa fa-university fa-5x\" style=\"color: rgba(128,167,54,0.55);\"><\/i><\/div><div class=\"pie_chart_text\"><h3 class=\"pie_title\">Escuela de verano<\/h3><\/div><\/div>[\/vc_column_inner][vc_column_inner width=\u00bb1\/3&#8243;]<div class=\"q_pie_chart_with_icon_holder\"><div class=\"q_percentage_with_icon\" data-percent=\"100\" data-linewidth=\"20\" data-active=\"rgba(128,167,54,0.75)\" data-noactive=\"\"><i class=\"fa fa-cogs fa-5x\" style=\"color: rgba(128,167,54,0.75);\"><\/i><\/div><div class=\"pie_chart_text\"><h3 class=\"pie_title\">Talleres para el crecimiento personal<\/h3><\/div><\/div>[\/vc_column_inner][vc_column_inner width=\u00bb1\/3&#8243;]<div class=\"q_pie_chart_with_icon_holder\"><div class=\"q_percentage_with_icon\" data-percent=\"100\" data-linewidth=\"20\" data-active=\"#80a736\" data-noactive=\"\"><i class=\"fa fa-street-view fa-5x\" style=\"color: #80a736;\"><\/i><\/div><div class=\"pie_chart_text\"><h3 class=\"pie_title\">Coaching y mentoring<\/h3><\/div><\/div>[\/vc_column_inner][\/vc_row_inner][\/vc_column][vc_column width=\u00bb1\/3&#8243;][vc_column_text]<\/p>\n<h2>Desarrollo personal<\/h2>\n<p>[\/vc_column_text][vc_separator type=\u00bbtransparent\u00bb up=\u00bb15&#8243;][vc_column_text]Los itinerarios de desarrollo personal y profesional realizados por el equipo de Menslab ayudan a los participantes a adquirir potentes instrumentos comunicativos y estrategias para obtener resultados concretos y bienestar.[\/vc_column_text][vc_separator type=\u00bbtransparent\u00bb up=\u00bb15&#8243;]<a  itemprop=\"url\" href=\"https:\/\/menslab.com\/es\/desarrollo-personal\/\" target=\"_self\" data-hover-background-color='#ffffff' data-hover-border-color='#80a736' data-hover-color='#80a736' class=\"qbutton  medium default\" style=\"color: #ffffff; border-color: #80a736; background-color: #80a736;\">Para saber m\u00e1s<\/a>[\/vc_column][\/vc_row][vc_row css_animation=\u00bb\u00bb row_type=\u00bbrow\u00bb use_row_as_full_screen_section=\u00bbno\u00bb type=\u00bbgrid\u00bb angled_section=\u00bbyes\u00bb angled_section_position=\u00bbbottom\u00bb angled_section_direction=\u00bbfrom_left_to_right\u00bb text_align=\u00bbleft\u00bb background_image_as_pattern=\u00bbwithout_pattern\u00bb border_color=\u00bb#f9f9f9&#8243; padding_top=\u00bb100&#8243; padding_bottom=\u00bb90&#8243;][vc_column width=\u00bb2\/3&#8243;][vc_separator type=\u00bbtransparent\u00bb up=\u00bb55&#8243;][vc_column_text]<\/p>\n<h2 style=\"text-align: center;\">Qui\u00e9nes somos y c\u00f3mo trabajamos<\/h2>\n<p>[\/vc_column_text][vc_separator type=\u00bbtransparent\u00bb up=\u00bb15&#8243;][vc_column_text]<\/p>\n<h4 style=\"text-align: left;\"><span style=\"color: #333333;\">Estamos convencidos de que el sabio es aquel que se toma su tiempo para darse cuenta de que ha aprendido. Por esta raz\u00f3n creamos espacios de aprendizaje y de experimentaci\u00f3n muy eficaces que resaltan la experiencia de los participantes. \u2028Todos los socios de Menslab son coach y formadores con experiencia internacional que llevan a cabo una actividad de \u00e9xito.<\/span><\/h4>\n<p>[\/vc_column_text][vc_separator type=\u00bbtransparent\u00bb up=\u00bb15&#8243;][vc_column_text]Descubre la filosof\u00eda que se encuentra en la base de los programas de Menslab y de los senior coach, mentor, supervisores y formadores que proyectan, coordinan y facilitan los programas.[\/vc_column_text][vc_separator type=\u00bbtransparent\u00bb up=\u00bb15&#8243;]<a  itemprop=\"url\" href=\"https:\/\/menslab.com\/es\/quienes-somos\/\" target=\"_self\" data-hover-background-color='#ffffff' data-hover-border-color='#13456d' data-hover-color='#13456d' class=\"qbutton  medium default\" style=\"color: #ffffff; border-color: #13456d; background-color: #13456d;\">Para saber m\u00e1s<\/a>[\/vc_column][vc_column width=\u00bb1\/3&#8243; offset=\u00bbvc_hidden-sm vc_hidden-xs\u00bb][vc_separator type=\u00bbtransparent\u00bb up=\u00bb55&#8243;][vc_single_image image=\u00bb19289&#8243; img_size=\u00bbfull\u00bb qode_css_animation=\u00bb\u00bb css=\u00bb.vc_custom_1473258925436{padding-top: 20px !important;}\u00bb][vc_separator type=\u00bbtransparent\u00bb up=\u00bb15&#8243;][\/vc_column][\/vc_row][vc_row css_animation=\u00bb\u00bb row_type=\u00bbrow\u00bb use_row_as_full_screen_section=\u00bbno\u00bb type=\u00bbgrid\u00bb angled_section=\u00bbyes\u00bb angled_section_position=\u00bbboth\u00bb angled_section_direction=\u00bbfrom_left_to_right\u00bb text_align=\u00bbleft\u00bb background_image_as_pattern=\u00bbwithout_pattern\u00bb border_color=\u00bb#f9f9f9&#8243;][vc_column][vc_separator type=\u00bbtransparent\u00bb up=\u00bb15&#8243;][vc_empty_space height=\u00bb40&#8243;][vc_column_text]<\/p>\n<h2 style=\"text-align: center;\">Nuestro compromiso con la calidad<\/h2>\n<p>[\/vc_column_text][vc_empty_space height=\u00bb40&#8243;][vc_row_inner row_type=\u00bbrow\u00bb type=\u00bbfull_width\u00bb text_align=\u00bbleft\u00bb css_animation=\u00bb\u00bb][vc_column_inner width=\u00bb2\/6&#8243;][vc_single_image image=\u00bb18799&#8243; img_size=\u00bbfull\u00bb qode_css_animation=\u00bb\u00bb][vc_empty_space height=\u00bb25&#8243;][\/vc_column_inner][vc_column_inner width=\u00bb2\/6&#8243;][vc_empty_space height=\u00bb10&#8243;][vc_single_image image=\u00bb23261&#8243; img_size=\u00bbmedium\u00bb alignment=\u00bbcenter\u00bb qode_css_animation=\u00bb\u00bb css=\u00bb.vc_custom_1693813723965{padding-top: 9px !important;}\u00bb][vc_empty_space height=\u00bb25&#8243;][\/vc_column_inner][vc_column_inner width=\u00bb2\/6&#8243;][vc_empty_space height=\u00bb10&#8243;][vc_single_image image=\u00bb18517&#8243; img_size=\u00bbfull\u00bb qode_css_animation=\u00bb\u00bb el_class=\u00bbimgcenter\u00bb css=\u00bb.vc_custom_1473266133445{padding-bottom: 4px !important;}\u00bb][vc_empty_space height=\u00bb25&#8243;][\/vc_column_inner][\/vc_row_inner][vc_empty_space][vc_row_inner row_type=\u00bbrow\u00bb type=\u00bbfull_width\u00bb text_align=\u00bbcenter\u00bb css_animation=\u00bb\u00bb][vc_column_inner width=\u00bb1\/6&#8243;][\/vc_column_inner][vc_column_inner width=\u00bb1\/6&#8243;][\/vc_column_inner][vc_column_inner width=\u00bb2\/6&#8243;]<a  itemprop=\"url\" href=\"https:\/\/menslab.com\/es\/certificaciones-menslab\/\" target=\"_self\" data-hover-background-color='#ffffff' data-hover-border-color='#13456d' data-hover-color='#13456d' class=\"qbutton  medium default\" style=\"color: #ffffff; border-color: #13456d; background-color: #13456d;\">Para saber m\u00e1s<\/a>[\/vc_column_inner][vc_column_inner width=\u00bb1\/6&#8243;][\/vc_column_inner][vc_column_inner width=\u00bb1\/6&#8243;][\/vc_column_inner][\/vc_row_inner][vc_empty_space][\/vc_column][\/vc_row][vc_row css_animation=\u00bb\u00bb row_type=\u00bbrow\u00bb use_row_as_full_screen_section=\u00bbno\u00bb type=\u00bbfull_width\u00bb angled_section=\u00bbno\u00bb text_align=\u00bbleft\u00bb background_image_as_pattern=\u00bbwithout_pattern\u00bb][vc_column][vc_column_text]<\/p>\n<p>[\/vc_column_text][\/vc_column][\/vc_row]<\/p>\n","protected":false},"excerpt":{"rendered":"<p>[vc_row css_animation=\u00bb\u00bb row_type=\u00bbrow\u00bb use_row_as_full_screen_section=\u00bbno\u00bb type=\u00bbgrid\u00bb angled_section=\u00bbno\u00bb text_align=\u00bbleft\u00bb background_image_as_pattern=\u00bbwithout_pattern\u00bb background_color=\u00bb#f9f9f9&#8243; padding_top=\u00bb50&#8243; padding_bottom=\u00bb50&#8243; css=\u00bb.vc_custom_1464624974404{background-color: #f9f9f9 !important;}\u00bb][vc_column][vc_empty_space][vc_column_text] Hacemos que las cosas complejas sean m\u00e1s f\u00e1ciles para que el coaching, el mentoring y la formaci\u00f3n produzcan resultados concretos para personas y organizaciones. [\/vc_column_text][vc_separator type=\u00bbtransparent\u00bb up=\u00bb15&#8243;][vc_column_text] El equipo internacional de&#8230;<\/p>\n","protected":false},"author":1,"featured_media":0,"parent":0,"menu_order":0,"comment_status":"open","ping_status":"open","template":"full_width.php","meta":{"footnotes":""},"class_list":["post-19421","page","type-page","status-publish","hentry"],"_links":{"self":[{"href":"https:\/\/menslab.com\/es\/wp-json\/wp\/v2\/pages\/19421","targetHints":{"allow":["GET"]}}],"collection":[{"href":"https:\/\/menslab.com\/es\/wp-json\/wp\/v2\/pages"}],"about":[{"href":"https:\/\/menslab.com\/es\/wp-json\/wp\/v2\/types\/page"}],"author":[{"embeddable":true,"href":"https:\/\/menslab.com\/es\/wp-json\/wp\/v2\/users\/1"}],"replies":[{"embeddable":true,"href":"https:\/\/menslab.com\/es\/wp-json\/wp\/v2\/comments?post=19421"}],"version-history":[{"count":0,"href":"https:\/\/menslab.com\/es\/wp-json\/wp\/v2\/pages\/19421\/revisions"}],"wp:attachment":[{"href":"https:\/\/menslab.com\/es\/wp-json\/wp\/v2\/media?parent=19421"}],"curies":[{"name":"wp","href":"https:\/\/api.w.org\/{rel}","templated":true}]}}