{"id":19451,"date":"2016-04-27T19:33:38","date_gmt":"2016-04-27T17:33:38","guid":{"rendered":"https:\/\/menslab.com\/es\/quienes-somos\/giuseppe-meli\/"},"modified":"2019-04-24T12:28:07","modified_gmt":"2019-04-24T10:28:07","slug":"giuseppe-meli","status":"publish","type":"page","link":"https:\/\/menslab.com\/es\/quienes-somos\/giuseppe-meli\/","title":{"rendered":"Giuseppe Meli"},"content":{"rendered":"<p>[vc_row css_animation=\u00bb\u00bb row_type=\u00bbrow\u00bb use_row_as_full_screen_section=\u00bbno\u00bb type=\u00bbfull_width\u00bb angled_section=\u00bbno\u00bb text_align=\u00bbleft\u00bb background_image_as_pattern=\u00bbwithout_pattern\u00bb][vc_column][vc_empty_space][vc_column_text]<nav aria-label=\"breadcrumbs\">\n            <div class=\"breadcrumb-container theme4\">\n                <ol>\n                    <li><a title=\"Sei in:\" href=\"#\"><span>Sei in:<\/span><\/a><span class=\"separator\">&gt;<\/span><\/li>\n                    <\/ol>\n            <\/div>\n        <\/nav>    <script type=\"application\/ld+json\">\n        {\n            \"@context\": \"http:\/\/schema.org\",\n            \"@type\": \"BreadcrumbList\",\n            \"itemListElement\": [\n                 {\n                            \"@type\": \"ListItem\",\n                            \"position\": 1,\n                            \"item\": {\n                                \"@id\": \"#\",\n                                \"name\": \"Sei in:\"\n                            }\n                        }\n                                                    ]\n        }\n    <\/script>\n    <style type=\"text\/css\">\n        .breadcrumb-container {\n            font-size: 13px;\n        }\n\n        .breadcrumb-container ul {\n            margin: 0;\n            padding: 0;\n        }\n\n        .breadcrumb-container li {\n            box-sizing: unset;\n            display: inline-block;\n            margin: 0;\n            padding: 0;\n        }\n\n        .breadcrumb-container li a {\n            box-sizing: unset;\n            padding: 0 10px;\n        }\n\n        .breadcrumb-container {\n            font-size: 14px !important;\n                    }\n\n        .breadcrumb-container li a {\n            color: #f7f7f7 !important;\n            font-size: 14px !important;\n            line-height: 14px !important;\n                    }\n\n        .breadcrumb-container li .separator {\n            color: #ffffff !important;\n            font-size: 14px !important;\n                    }\n\n        .breadcrumb-container li:last-child .separator {\n            display: none;\n        }\n    <\/style>\n    <style type=\"text\/css\">\n\n        .breadcrumb-container.theme4 li {\n            display: inline-block;\n            margin: 0 14px;\n            padding: 0;\n        }\n\n        .breadcrumb-container.theme4 a {\n            background: #28b0ff;\n            color: rgb(102, 102, 102);\n            display: inline-block;\n            font-size: 14px;\n            height: 16px;\n            margin: 0;\n            padding: 5px 10px;\n            text-decoration: none;\n            position:relative;\n        }\n\n\n        .breadcrumb-container.theme4 a::after {\n            -moz-border-bottom-colors: none;\n            -moz-border-left-colors: none;\n            -moz-border-right-colors: none;\n            -moz-border-top-colors: none;\n            border-color: rgba(0, 0, 0, 0) rgba(0, 0, 0, 0) rgba(0, 0, 0, 0) #28b0ff;\n            border-image: none;\n            border-style: solid;\n            border-width: 13px;\n            content: \" \";\n            display: inline-block;\n            height: 0;\n            line-height: 0;\n            position: absolute;\n            right: -26px;\n            top: 0;\n            width: 0;\n        }\n\n        .breadcrumb-container.theme4 .separator {\n            display: none;\n        }\n    <\/style>\n        <style type=\"text\/css\">\n            <\/style>\n    <script>\n            <\/script>\n[\/vc_column_text][vc_empty_space][vc_empty_space][vc_column_text]<\/p>\n<h1 style=\"color: #545454;\">Giuseppe Meli<\/h1>\n<p>[\/vc_column_text][vc_separator type=\u00bbsmall\u00bb position=\u00bbleft\u00bb color=\u00bb#545454&#8243;][vc_empty_space][\/vc_column][\/vc_row][vc_row css_animation=\u00bb\u00bb row_type=\u00bbrow\u00bb use_row_as_full_screen_section=\u00bbno\u00bb type=\u00bbfull_width\u00bb angled_section=\u00bbno\u00bb text_align=\u00bbleft\u00bb background_image_as_pattern=\u00bbwithout_pattern\u00bb][vc_column width=\u00bb1\/2&#8243;][vc_column_text]<strong>Giuseppe Meli<\/strong> es soci\u00f3logo de la comunicaci\u00f3n, especializado en formaci\u00f3n de adultos y socioling\u00fc\u00edstica. Es Master Certified Coach, con credenciales expedidas por la ICF (International Coach Federation), Licensed Trainer of NLP (certificado por la Society of NLP) y Master Coach Trainer, certificado por Success Unlimited Network de Washington, empresa para la que trabaj\u00f3 como director did\u00e1ctico internacional y como director para Europa.<br \/>\nEs director did\u00e1ctico de Menslab y ha co-proyectado el programa de formaci\u00f3n y certificaci\u00f3n para coach sist\u00e9mico evolutivo, acreditado como ACTP por la ICF.<br \/>\nEs coautor de texto \u201c<em>L\u2019evoluzione contagiosa: come allenarsi a vivere la vita desiderata<\/em>\u201d [<em>La evoluci\u00f3n contagiosa. C\u00f3mo ejercitarse para vivir la vida deseada<\/em>].<\/p>\n<p>Antes de dedicarse al coaching ostent\u00f3, durante m\u00e1s de diez a\u00f1os, cargos de gesti\u00f3n en el \u00e1mbito del desarrollo de los recursos humanos en empresas de servicios e industriales.[\/vc_column_text][vc_empty_space][\/vc_column][vc_column width=\u00bb1\/2&#8243;][vc_single_image image=\u00bb18488&#8243; img_size=\u00bbfull\u00bb qode_css_animation=\u00bb\u00bb][\/vc_column][\/vc_row][vc_row css_animation=\u00bb\u00bb row_type=\u00bbrow\u00bb use_row_as_full_screen_section=\u00bbno\u00bb type=\u00bbfull_width\u00bb angled_section=\u00bbno\u00bb text_align=\u00bbleft\u00bb background_image_as_pattern=\u00bbwithout_pattern\u00bb][vc_column][vc_empty_space][vc_column_text]Desde 2004 ostenta para la ICF las funciones de assessor (examinador) para los ex\u00e1menes de coach profesionales hasta el nivel de certificaci\u00f3n m\u00e1s alto y en la actualidad forma parte del Credentialing Training Team de la ICF, ocup\u00e1ndose, junto con otros compa\u00f1eros Master Coach de todo el mundo, de la formaci\u00f3n de assessor, sobre todo en Europa, Estados Unidos y Asia.<br \/>\nSus clientes de coaching son sobre todo executive, profesionales, equipos deportivos y juntas de direcci\u00f3n de empresas multinacionales.[\/vc_column_text][vc_empty_space][\/vc_column][\/vc_row][vc_row css_animation=\u00bb\u00bb row_type=\u00bbrow\u00bb use_row_as_full_screen_section=\u00bbno\u00bb type=\u00bbfull_width\u00bb angled_section=\u00bbno\u00bb text_align=\u00bbleft\u00bb background_image_as_pattern=\u00bbwithout_pattern\u00bb][vc_column][vc_column_text]Ha proyectado y coordinado numerosas escuelas para coach y mentor empresariales dentro de empresas de varios sectores y ha acompa\u00f1ado en su camino a las credenciales internacionales a m\u00e1s de 300 coach.<br \/>\nEs mentor coach y supervisor de numerosos coach profesionales en Europa, Estados Unidos y Am\u00e9rica Latina y ha desarrollado un programa de formaci\u00f3n y certificaci\u00f3n para mentor coach y supervisores que imparte desde hace m\u00e1s de cinco a\u00f1os en toda Europa. Es orador en numerosas convenciones internacionales sobre coaching.[\/vc_column_text][vc_empty_space][\/vc_column][\/vc_row][vc_row css_animation=\u00bb\u00bb row_type=\u00bbrow\u00bb use_row_as_full_screen_section=\u00bbno\u00bb type=\u00bbfull_width\u00bb angled_section=\u00bbno\u00bb text_align=\u00bbleft\u00bb background_image_as_pattern=\u00bbwithout_pattern\u00bb][vc_column][vc_column_text]<\/p>\n<h4 style=\"color: #ff9900; font-weight: 600;\">\u00daltimos art\u00edculos<\/h4>\n<p>[\/vc_column_text]\n<div class='latest_post_holder dividers three_columns one_row' >\n    <ul>\n    \n        <li class=\"clearfix\">\n            <div class=\"boxes_image\">\n                                <a itemprop=\"url\" href=\"https:\/\/menslab.com\/es\/el-mentor-coaching-y-la-supervision-de-coaches\/\"><\/a>\n            <\/div>\n            <div class=\"latest_post\"  >\n                <div class=\"latest_post_text\">\n                    <div class=\"latest_post_inner\">\n                        <div itemprop=\"dateCreated\" class=\"latest_post_date entry_date updated\">\n                            <div class=\"latest_post_day\">06<\/div>\n                            <div class=\"latest_post_month\">Mar<\/div>\n                            <meta itemprop=\"interactionCount\" content=\"UserComments: 0\" \/>\n                        <\/div>\n\n                        <div class=\"latest_post_text_inner\">\n                            <h4 itemprop=\"name\" class=\"latest_post_title entry_title\"><a itemprop=\"url\" href=\"https:\/\/menslab.com\/es\/el-mentor-coaching-y-la-supervision-de-coaches\/\">El mentor coaching y la supervisi\u00f3n de coaches: por qu\u00e9 es \u00fatil y cu\u00e1les son las competencias de un supervisor<\/a><\/h4>\n                            <p class=\"excerpt\">El mentor coaching y la supervisi\u00f3n de coaches: por qu\u00e9 es \u00fatil y cu\u00e1les son las competencias de un supervisor. Descubre m\u00e1s en el...<\/p>                            <span class=\"post_infos\">\n\n                                \n                                \n                                \n                                                            <\/span>\n\n                        <\/div>\n                    <\/div>\n                <\/div>\n            <\/div>\n        <\/li>\n        \n        <li class=\"clearfix\">\n            <div class=\"boxes_image\">\n                                <a itemprop=\"url\" href=\"https:\/\/menslab.com\/es\/el-mentor-coaching-y-la-supervision-un-proceso-eficaz\/\"><\/a>\n            <\/div>\n            <div class=\"latest_post\"  >\n                <div class=\"latest_post_text\">\n                    <div class=\"latest_post_inner\">\n                        <div itemprop=\"dateCreated\" class=\"latest_post_date entry_date updated\">\n                            <div class=\"latest_post_day\">12<\/div>\n                            <div class=\"latest_post_month\">Mar<\/div>\n                            <meta itemprop=\"interactionCount\" content=\"UserComments: 0\" \/>\n                        <\/div>\n\n                        <div class=\"latest_post_text_inner\">\n                            <h4 itemprop=\"name\" class=\"latest_post_title entry_title\"><a itemprop=\"url\" href=\"https:\/\/menslab.com\/es\/el-mentor-coaching-y-la-supervision-un-proceso-eficaz\/\">El mentor coaching y la supervisi\u00f3n: un proceso eficaz<\/a><\/h4>\n                            <p class=\"excerpt\">El mentor coaching y la supervisi\u00f3n de los coaches: cu\u00e1les son los puntos fundamentales a tener en cuenta a la hora de crear un it...<\/p>                            <span class=\"post_infos\">\n\n                                \n                                \n                                \n                                                            <\/span>\n\n                        <\/div>\n                    <\/div>\n                <\/div>\n            <\/div>\n        <\/li>\n            <\/ul>\n<\/div>[vc_empty_space][\/vc_column][\/vc_row]<\/p>\n","protected":false},"excerpt":{"rendered":"<p>[vc_row css_animation=\u00bb\u00bb row_type=\u00bbrow\u00bb use_row_as_full_screen_section=\u00bbno\u00bb type=\u00bbfull_width\u00bb angled_section=\u00bbno\u00bb text_align=\u00bbleft\u00bb background_image_as_pattern=\u00bbwithout_pattern\u00bb][vc_column][vc_empty_space][vc_column_text][\/vc_column_text][vc_empty_space][vc_empty_space][vc_column_text] Giuseppe Meli [\/vc_column_text][vc_separator type=\u00bbsmall\u00bb position=\u00bbleft\u00bb color=\u00bb#545454&#8243;][vc_empty_space][\/vc_column][\/vc_row][vc_row css_animation=\u00bb\u00bb row_type=\u00bbrow\u00bb use_row_as_full_screen_section=\u00bbno\u00bb type=\u00bbfull_width\u00bb angled_section=\u00bbno\u00bb text_align=\u00bbleft\u00bb background_image_as_pattern=\u00bbwithout_pattern\u00bb][vc_column width=\u00bb1\/2&#8243;][vc_column_text]Giuseppe Meli es soci\u00f3logo de la comunicaci\u00f3n, especializado en formaci\u00f3n de adultos y socioling\u00fc\u00edstica. Es Master Certified Coach, con credenciales expedidas por la ICF&#8230;<\/p>\n","protected":false},"author":1,"featured_media":0,"parent":20517,"menu_order":0,"comment_status":"closed","ping_status":"closed","template":"","meta":{"footnotes":""},"class_list":["post-19451","page","type-page","status-publish","hentry"],"_links":{"self":[{"href":"https:\/\/menslab.com\/es\/wp-json\/wp\/v2\/pages\/19451","targetHints":{"allow":["GET"]}}],"collection":[{"href":"https:\/\/menslab.com\/es\/wp-json\/wp\/v2\/pages"}],"about":[{"href":"https:\/\/menslab.com\/es\/wp-json\/wp\/v2\/types\/page"}],"author":[{"embeddable":true,"href":"https:\/\/menslab.com\/es\/wp-json\/wp\/v2\/users\/1"}],"replies":[{"embeddable":true,"href":"https:\/\/menslab.com\/es\/wp-json\/wp\/v2\/comments?post=19451"}],"version-history":[{"count":0,"href":"https:\/\/menslab.com\/es\/wp-json\/wp\/v2\/pages\/19451\/revisions"}],"up":[{"embeddable":true,"href":"https:\/\/menslab.com\/es\/wp-json\/wp\/v2\/pages\/20517"}],"wp:attachment":[{"href":"https:\/\/menslab.com\/es\/wp-json\/wp\/v2\/media?parent=19451"}],"curies":[{"name":"wp","href":"https:\/\/api.w.org\/{rel}","templated":true}]}}