{"id":19461,"date":"2016-05-30T19:04:11","date_gmt":"2016-05-30T17:04:11","guid":{"rendered":"https:\/\/menslab.com\/es\/quienes-somos\/jacopo-rivoltella\/"},"modified":"2019-04-09T10:46:43","modified_gmt":"2019-04-09T08:46:43","slug":"jacopo-rivoltella","status":"publish","type":"page","link":"https:\/\/menslab.com\/es\/quienes-somos\/jacopo-rivoltella\/","title":{"rendered":"Jacopo Rivoltella"},"content":{"rendered":"<p>[vc_row css_animation=\u00bb\u00bb row_type=\u00bbrow\u00bb use_row_as_full_screen_section=\u00bbno\u00bb type=\u00bbfull_width\u00bb angled_section=\u00bbno\u00bb text_align=\u00bbleft\u00bb background_image_as_pattern=\u00bbwithout_pattern\u00bb][vc_column][vc_empty_space][vc_column_text]<nav aria-label=\"breadcrumbs\">\n            <div class=\"breadcrumb-container theme4\">\n                <ol>\n                    <li><a title=\"Sei in:\" href=\"#\"><span>Sei in:<\/span><\/a><span class=\"separator\">&gt;<\/span><\/li>\n                    <\/ol>\n            <\/div>\n        <\/nav>    <script type=\"application\/ld+json\">\n        {\n            \"@context\": \"http:\/\/schema.org\",\n            \"@type\": \"BreadcrumbList\",\n            \"itemListElement\": [\n                 {\n                            \"@type\": \"ListItem\",\n                            \"position\": 1,\n                            \"item\": {\n                                \"@id\": \"#\",\n                                \"name\": \"Sei in:\"\n                            }\n                        }\n                                                    ]\n        }\n    <\/script>\n    <style type=\"text\/css\">\n        .breadcrumb-container {\n            font-size: 13px;\n        }\n\n        .breadcrumb-container ul {\n            margin: 0;\n            padding: 0;\n        }\n\n        .breadcrumb-container li {\n            box-sizing: unset;\n            display: inline-block;\n            margin: 0;\n            padding: 0;\n        }\n\n        .breadcrumb-container li a {\n            box-sizing: unset;\n            padding: 0 10px;\n        }\n\n        .breadcrumb-container {\n            font-size: 14px !important;\n                    }\n\n        .breadcrumb-container li a {\n            color: #f7f7f7 !important;\n            font-size: 14px !important;\n            line-height: 14px !important;\n                    }\n\n        .breadcrumb-container li .separator {\n            color: #ffffff !important;\n            font-size: 14px !important;\n                    }\n\n        .breadcrumb-container li:last-child .separator {\n            display: none;\n        }\n    <\/style>\n    <style type=\"text\/css\">\n\n        .breadcrumb-container.theme4 li {\n            display: inline-block;\n            margin: 0 14px;\n            padding: 0;\n        }\n\n        .breadcrumb-container.theme4 a {\n            background: #28b0ff;\n            color: rgb(102, 102, 102);\n            display: inline-block;\n            font-size: 14px;\n            height: 16px;\n            margin: 0;\n            padding: 5px 10px;\n            text-decoration: none;\n            position:relative;\n        }\n\n\n        .breadcrumb-container.theme4 a::after {\n            -moz-border-bottom-colors: none;\n            -moz-border-left-colors: none;\n            -moz-border-right-colors: none;\n            -moz-border-top-colors: none;\n            border-color: rgba(0, 0, 0, 0) rgba(0, 0, 0, 0) rgba(0, 0, 0, 0) #28b0ff;\n            border-image: none;\n            border-style: solid;\n            border-width: 13px;\n            content: \" \";\n            display: inline-block;\n            height: 0;\n            line-height: 0;\n            position: absolute;\n            right: -26px;\n            top: 0;\n            width: 0;\n        }\n\n        .breadcrumb-container.theme4 .separator {\n            display: none;\n        }\n    <\/style>\n        <style type=\"text\/css\">\n            <\/style>\n    <script>\n            <\/script>\n[\/vc_column_text][vc_empty_space][vc_empty_space][vc_column_text]<\/p>\n<h1 style=\"color: #545454;\">Jacopo Rivoltella<\/h1>\n<p>[\/vc_column_text][vc_separator type=\u00bbsmall\u00bb position=\u00bbleft\u00bb color=\u00bb#545454&#8243;][vc_empty_space][\/vc_column][\/vc_row][vc_row css_animation=\u00bb\u00bb row_type=\u00bbrow\u00bb use_row_as_full_screen_section=\u00bbno\u00bb type=\u00bbfull_width\u00bb angled_section=\u00bbno\u00bb text_align=\u00bbleft\u00bb background_image_as_pattern=\u00bbwithout_pattern\u00bb][vc_column width=\u00bb1\/2&#8243;][vc_column_text]<strong>Jacopo Rivoltella<\/strong> es licenciado en Communication Management por la Universidad de Malta. Master Certified Coach con credenciales de la ICF y de la Associate Coach Trainer de Success Unlimited Network. Es formador de PNL certificado tanto por la Society of Neuro-Linguistic Programming como por la NLP University, Santa Cruz (California).<br \/>\nHa coproyectado el programa de formaci\u00f3n y certificaci\u00f3n para coach sist\u00e9mico evolutivo acreditado como ACTP por la ICF y es uno de los formadores de coach y de supervisores principales del programa. Profundiz\u00f3 en su formaci\u00f3n como coach trainter a trav\u00e9s de programas para el desarrollo de competencias de team coach y supervisor.[\/vc_column_text][vc_empty_space][\/vc_column][vc_column width=\u00bb1\/2&#8243;][vc_single_image image=\u00bb18498&#8243; img_size=\u00bbfull\u00bb qode_css_animation=\u00bb\u00bb][\/vc_column][\/vc_row][vc_row css_animation=\u00bb\u00bb row_type=\u00bbrow\u00bb use_row_as_full_screen_section=\u00bbno\u00bb type=\u00bbfull_width\u00bb angled_section=\u00bbno\u00bb text_align=\u00bbleft\u00bb background_image_as_pattern=\u00bbwithout_pattern\u00bb][vc_column][vc_empty_space][vc_column_text]En la empresa familiar ha desarrollado actividades relacionadas con la comunicaci\u00f3n publicitaria y con la organizaci\u00f3n de eventos de golf a nivel internacional.<br \/>\nEn la actualidad ofrece actividades de coaching, team coaching y formaci\u00f3n en coaching tanto dentro de empresas y organizaciones como en programas abiertos al p\u00fablico que realiza en Italia, Espa\u00f1a y Am\u00e9rica Latina.[\/vc_column_text][vc_empty_space][\/vc_column][\/vc_row][vc_row css_animation=\u00bb\u00bb row_type=\u00bbrow\u00bb use_row_as_full_screen_section=\u00bbno\u00bb type=\u00bbfull_width\u00bb angled_section=\u00bbno\u00bb text_align=\u00bbleft\u00bb background_image_as_pattern=\u00bbwithout_pattern\u00bb][vc_column offset=\u00bbvc_hidden-lg vc_hidden-md vc_hidden-sm vc_hidden-xs\u00bb][vc_empty_space][vc_column_text]Sta partecipando all\u2019avvio dei nuovi programmi formativi in oriente, Africa e America Latina. Coordina, per menslab, la rete dei consulenti sistemici e dei trainer.<br \/>\nCome coach lavora principalmente in Italia, con professionisti, dirigenti aziendali e team.<br \/>\n\u00c8 co-autore del testo \u201c<em>L\u2019evoluzione contagiosa: come allenarsi a vivere la vita desiderata<\/em>\u201d, edito da Franco Angeli.[\/vc_column_text][vc_empty_space][\/vc_column][\/vc_row][vc_row css_animation=\u00bb\u00bb row_type=\u00bbrow\u00bb use_row_as_full_screen_section=\u00bbno\u00bb type=\u00bbfull_width\u00bb angled_section=\u00bbno\u00bb text_align=\u00bbleft\u00bb background_image_as_pattern=\u00bbwithout_pattern\u00bb][vc_column][vc_column_text]<\/p>\n<h4 style=\"color: #ff9900; font-weight: 600;\">\u00daltimos art\u00edculos:<\/h4>\n<p>[\/vc_column_text]\n<div class='latest_post_holder dividers three_columns one_row' >\n    <ul>\n    \n        <li class=\"clearfix\">\n            <div class=\"boxes_image\">\n                                <a itemprop=\"url\" href=\"https:\/\/menslab.com\/es\/determinacion-un-enemigo-o-un-aliado\/\"><\/a>\n            <\/div>\n            <div class=\"latest_post\"  >\n                <div class=\"latest_post_text\">\n                    <div class=\"latest_post_inner\">\n                        <div itemprop=\"dateCreated\" class=\"latest_post_date entry_date updated\">\n                            <div class=\"latest_post_day\">21<\/div>\n                            <div class=\"latest_post_month\">Mar<\/div>\n                            <meta itemprop=\"interactionCount\" content=\"UserComments: 0\" \/>\n                        <\/div>\n\n                        <div class=\"latest_post_text_inner\">\n                            <h4 itemprop=\"name\" class=\"latest_post_title entry_title\"><a itemprop=\"url\" href=\"https:\/\/menslab.com\/es\/determinacion-un-enemigo-o-un-aliado\/\">La determinaci\u00f3n: \u00bfun enemigo o un aliado?<\/a><\/h4>\n                            <p class=\"excerpt\">\u00bfCu\u00e1les son los beneficios que tiene la determinaci\u00f3n? \u00bfPuedes entrenarte para ser determinado y disciplinado? \u00a1Desc\u00fabrelo en este...<\/p>                            <span class=\"post_infos\">\n\n                                \n                                \n                                \n                                                            <\/span>\n\n                        <\/div>\n                    <\/div>\n                <\/div>\n            <\/div>\n        <\/li>\n            <\/ul>\n<\/div>[vc_empty_space][\/vc_column][\/vc_row]<\/p>\n","protected":false},"excerpt":{"rendered":"<p>[vc_row css_animation=\u00bb\u00bb row_type=\u00bbrow\u00bb use_row_as_full_screen_section=\u00bbno\u00bb type=\u00bbfull_width\u00bb angled_section=\u00bbno\u00bb text_align=\u00bbleft\u00bb background_image_as_pattern=\u00bbwithout_pattern\u00bb][vc_column][vc_empty_space][vc_column_text][\/vc_column_text][vc_empty_space][vc_empty_space][vc_column_text] Jacopo Rivoltella [\/vc_column_text][vc_separator type=\u00bbsmall\u00bb position=\u00bbleft\u00bb color=\u00bb#545454&#8243;][vc_empty_space][\/vc_column][\/vc_row][vc_row css_animation=\u00bb\u00bb row_type=\u00bbrow\u00bb use_row_as_full_screen_section=\u00bbno\u00bb type=\u00bbfull_width\u00bb angled_section=\u00bbno\u00bb text_align=\u00bbleft\u00bb background_image_as_pattern=\u00bbwithout_pattern\u00bb][vc_column width=\u00bb1\/2&#8243;][vc_column_text]Jacopo Rivoltella es licenciado en Communication Management por la Universidad de Malta. Master Certified Coach con credenciales de la ICF y de la Associate&#8230;<\/p>\n","protected":false},"author":1,"featured_media":0,"parent":20517,"menu_order":0,"comment_status":"closed","ping_status":"closed","template":"","meta":{"footnotes":""},"class_list":["post-19461","page","type-page","status-publish","hentry"],"_links":{"self":[{"href":"https:\/\/menslab.com\/es\/wp-json\/wp\/v2\/pages\/19461","targetHints":{"allow":["GET"]}}],"collection":[{"href":"https:\/\/menslab.com\/es\/wp-json\/wp\/v2\/pages"}],"about":[{"href":"https:\/\/menslab.com\/es\/wp-json\/wp\/v2\/types\/page"}],"author":[{"embeddable":true,"href":"https:\/\/menslab.com\/es\/wp-json\/wp\/v2\/users\/1"}],"replies":[{"embeddable":true,"href":"https:\/\/menslab.com\/es\/wp-json\/wp\/v2\/comments?post=19461"}],"version-history":[{"count":0,"href":"https:\/\/menslab.com\/es\/wp-json\/wp\/v2\/pages\/19461\/revisions"}],"up":[{"embeddable":true,"href":"https:\/\/menslab.com\/es\/wp-json\/wp\/v2\/pages\/20517"}],"wp:attachment":[{"href":"https:\/\/menslab.com\/es\/wp-json\/wp\/v2\/media?parent=19461"}],"curies":[{"name":"wp","href":"https:\/\/api.w.org\/{rel}","templated":true}]}}