{"id":19467,"date":"2016-05-30T19:03:15","date_gmt":"2016-05-30T17:03:15","guid":{"rendered":"https:\/\/menslab.com\/es\/quienes-somos\/margaret-krigbaum\/"},"modified":"2019-02-04T16:14:49","modified_gmt":"2019-02-04T15:14:49","slug":"margaret-krigbaum","status":"publish","type":"page","link":"https:\/\/menslab.com\/es\/quienes-somos\/margaret-krigbaum\/","title":{"rendered":"Margaret Krigbaum"},"content":{"rendered":"<p>[vc_row row_type=\u00bbrow\u00bb use_row_as_full_screen_section=\u00bbno\u00bb type=\u00bbfull_width\u00bb angled_section=\u00bbno\u00bb text_align=\u00bbleft\u00bb background_image_as_pattern=\u00bbwithout_pattern\u00bb css_animation=\u00bb\u00bb][vc_column][vc_empty_space][vc_column_text]<nav aria-label=\"breadcrumbs\">\n            <div class=\"breadcrumb-container theme4\">\n                <ol>\n                    <li><a title=\"Sei in:\" href=\"#\"><span>Sei in:<\/span><\/a><span class=\"separator\">&gt;<\/span><\/li>\n                    <\/ol>\n            <\/div>\n        <\/nav>    <script type=\"application\/ld+json\">\n        {\n            \"@context\": \"http:\/\/schema.org\",\n            \"@type\": \"BreadcrumbList\",\n            \"itemListElement\": [\n                 {\n                            \"@type\": \"ListItem\",\n                            \"position\": 1,\n                            \"item\": {\n                                \"@id\": \"#\",\n                                \"name\": \"Sei in:\"\n                            }\n                        }\n                                                    ]\n        }\n    <\/script>\n    <style type=\"text\/css\">\n        .breadcrumb-container {\n            font-size: 13px;\n        }\n\n        .breadcrumb-container ul {\n            margin: 0;\n            padding: 0;\n        }\n\n        .breadcrumb-container li {\n            box-sizing: unset;\n            display: inline-block;\n            margin: 0;\n            padding: 0;\n        }\n\n        .breadcrumb-container li a {\n            box-sizing: unset;\n            padding: 0 10px;\n        }\n\n        .breadcrumb-container {\n            font-size: 14px !important;\n                    }\n\n        .breadcrumb-container li a {\n            color: #f7f7f7 !important;\n            font-size: 14px !important;\n            line-height: 14px !important;\n                    }\n\n        .breadcrumb-container li .separator {\n            color: #ffffff !important;\n            font-size: 14px !important;\n                    }\n\n        .breadcrumb-container li:last-child .separator {\n            display: none;\n        }\n    <\/style>\n    <style type=\"text\/css\">\n\n        .breadcrumb-container.theme4 li {\n            display: inline-block;\n            margin: 0 14px;\n            padding: 0;\n        }\n\n        .breadcrumb-container.theme4 a {\n            background: #28b0ff;\n            color: rgb(102, 102, 102);\n            display: inline-block;\n            font-size: 14px;\n            height: 16px;\n            margin: 0;\n            padding: 5px 10px;\n            text-decoration: none;\n            position:relative;\n        }\n\n\n        .breadcrumb-container.theme4 a::after {\n            -moz-border-bottom-colors: none;\n            -moz-border-left-colors: none;\n            -moz-border-right-colors: none;\n            -moz-border-top-colors: none;\n            border-color: rgba(0, 0, 0, 0) rgba(0, 0, 0, 0) rgba(0, 0, 0, 0) #28b0ff;\n            border-image: none;\n            border-style: solid;\n            border-width: 13px;\n            content: \" \";\n            display: inline-block;\n            height: 0;\n            line-height: 0;\n            position: absolute;\n            right: -26px;\n            top: 0;\n            width: 0;\n        }\n\n        .breadcrumb-container.theme4 .separator {\n            display: none;\n        }\n    <\/style>\n        <style type=\"text\/css\">\n            <\/style>\n    <script>\n            <\/script>\n[\/vc_column_text][vc_empty_space][vc_empty_space][vc_column_text]<\/p>\n<h1 style=\"color: #545454;\">Margaret Krigbaum<\/h1>\n<p>[\/vc_column_text][vc_separator type=\u00bbsmall\u00bb position=\u00bbleft\u00bb color=\u00bb#545454&#8243;][vc_empty_space][\/vc_column][\/vc_row][vc_row row_type=\u00bbrow\u00bb use_row_as_full_screen_section=\u00bbno\u00bb type=\u00bbfull_width\u00bb angled_section=\u00bbno\u00bb text_align=\u00bbleft\u00bb background_image_as_pattern=\u00bbwithout_pattern\u00bb css_animation=\u00bb\u00bb][vc_column width=\u00bb1\/2&#8243;][vc_column_text]<strong>Margaret Krigbaum<\/strong>, despu\u00e9s de once a\u00f1os de profesi\u00f3n como abogada, comenz\u00f3 su transici\u00f3n profesional hacia el coaching a finales de 1994, en los a\u00f1os en los que la profesi\u00f3n despegaba. Con m\u00e1s de 15 a\u00f1os de experiencia como coach ha trabajado con una gran cantidad de clientes que incluyen directivos de empresas que se encuentran entre las 500 primeras fortunas, C-suite, senior executive, adem\u00e1s de executive y profesionales en el \u00e1rea de las finanzas y el derecho.<br \/>\nMargaret forma a sus clientes en temas de relevancia para ellos, incluyendo el desarrollo de aptitudes de gesti\u00f3n y liderazgo, la planificaci\u00f3n estrat\u00e9gica, el desarrollo de la comunicaci\u00f3n y la evoluci\u00f3n de los equipos o el desarrollo de la imagen y de la marca personal y profesional. Mediante el mentoring contribuye a la evoluci\u00f3n de las competencias profesionales de coach expertos.<\/p>\n<p>Sus clientes trabajan a nivel internacional: Estados Unidos, Europa y Asia. Ha ofrecido coaching a m\u00e1s de 2000 clientes y equipos en 25 pa\u00edses diferentes.[\/vc_column_text][vc_empty_space][\/vc_column][vc_column width=\u00bb1\/2&#8243;][vc_single_image image=\u00bb18500&#8243; img_size=\u00bbfull\u00bb qode_css_animation=\u00bb\u00bb][\/vc_column][\/vc_row][vc_row row_type=\u00bbrow\u00bb use_row_as_full_screen_section=\u00bbno\u00bb type=\u00bbfull_width\u00bb angled_section=\u00bbno\u00bb text_align=\u00bbleft\u00bb background_image_as_pattern=\u00bbwithout_pattern\u00bb css_animation=\u00bb\u00bb][vc_column][vc_empty_space][vc_column_text]Margaret es l\u00edder y pionera de la profesi\u00f3n del coaching y ha obtenido el certificado de Master Certified Coach de la International Coach Federation. Fue la presidenta de los Comit\u00e9s para la Certificaci\u00f3n y para la formaci\u00f3n continua de coach de la ICF hasta 2005 y presidi\u00f3 el Comit\u00e9 Educativo que proyect\u00f3 la conferencia internacional de ICF de 2007 en la que participaron m\u00e1s de 1800 coach. Adem\u00e1s de estas actividades, fue vicepresidenta de la ICF y presidenta del Comit\u00e9 de revisi\u00f3n de candidaturas de la ICF. Recibi\u00f3 el premio Jennifer White, organizado por la International Coach Federation, por su contribuci\u00f3n excepcional a la profesi\u00f3n de coaching.[\/vc_column_text][vc_empty_space][\/vc_column][\/vc_row][vc_row row_type=\u00bbrow\u00bb use_row_as_full_screen_section=\u00bbno\u00bb type=\u00bbfull_width\u00bb angled_section=\u00bbno\u00bb text_align=\u00bbleft\u00bb background_image_as_pattern=\u00bbwithout_pattern\u00bb css_animation=\u00bb\u00bb][vc_column][vc_empty_space][vc_column_text]Su experiencia como oradora y facilitadora de talleres incluye actividades realizadas para clientes como Ipsen Pharmaceutical, AT&amp;T, la American Society of Business Women, la Cruz Roja estadounidense, Wells Fargo, Women in Leadership at Lucent (WIL), Accor Hotels, Yum! Brands, Burger King, Starbucks, la National Association of Women Lawyers y Toyota.<br \/>\nHa intervenido, como oradora, en numerosas conferencias internacionales y europeas de la ICF, adem\u00e1s de haber llevado a cabo varias presentaciones para sus clientes en conferencias sobre coach en Jap\u00f3n, Francia, Reino Unido, China, Australia, Brasil, Suecia, Singapur y M\u00e9xico, as\u00ed como en muchas otras localidades.<br \/>\nHa participado como autora en algunas publicaciones recientes como Rutledge Companion to International Business Coaching, Working Wisdom, and The Law &amp; Ethics of Coaching.[\/vc_column_text][vc_empty_space][\/vc_column][\/vc_row]<\/p>\n","protected":false},"excerpt":{"rendered":"<p>[vc_row row_type=\u00bbrow\u00bb use_row_as_full_screen_section=\u00bbno\u00bb type=\u00bbfull_width\u00bb angled_section=\u00bbno\u00bb text_align=\u00bbleft\u00bb background_image_as_pattern=\u00bbwithout_pattern\u00bb css_animation=\u00bb\u00bb][vc_column][vc_empty_space][vc_column_text][\/vc_column_text][vc_empty_space][vc_empty_space][vc_column_text] Margaret Krigbaum [\/vc_column_text][vc_separator type=\u00bbsmall\u00bb position=\u00bbleft\u00bb color=\u00bb#545454&#8243;][vc_empty_space][\/vc_column][\/vc_row][vc_row row_type=\u00bbrow\u00bb use_row_as_full_screen_section=\u00bbno\u00bb type=\u00bbfull_width\u00bb angled_section=\u00bbno\u00bb text_align=\u00bbleft\u00bb background_image_as_pattern=\u00bbwithout_pattern\u00bb css_animation=\u00bb\u00bb][vc_column width=\u00bb1\/2&#8243;][vc_column_text]Margaret Krigbaum, despu\u00e9s de once a\u00f1os de profesi\u00f3n como abogada, comenz\u00f3 su transici\u00f3n profesional hacia el coaching a finales de 1994, en los a\u00f1os&#8230;<\/p>\n","protected":false},"author":1,"featured_media":0,"parent":20517,"menu_order":0,"comment_status":"closed","ping_status":"closed","template":"","meta":{"footnotes":""},"class_list":["post-19467","page","type-page","status-publish","hentry"],"_links":{"self":[{"href":"https:\/\/menslab.com\/es\/wp-json\/wp\/v2\/pages\/19467","targetHints":{"allow":["GET"]}}],"collection":[{"href":"https:\/\/menslab.com\/es\/wp-json\/wp\/v2\/pages"}],"about":[{"href":"https:\/\/menslab.com\/es\/wp-json\/wp\/v2\/types\/page"}],"author":[{"embeddable":true,"href":"https:\/\/menslab.com\/es\/wp-json\/wp\/v2\/users\/1"}],"replies":[{"embeddable":true,"href":"https:\/\/menslab.com\/es\/wp-json\/wp\/v2\/comments?post=19467"}],"version-history":[{"count":0,"href":"https:\/\/menslab.com\/es\/wp-json\/wp\/v2\/pages\/19467\/revisions"}],"up":[{"embeddable":true,"href":"https:\/\/menslab.com\/es\/wp-json\/wp\/v2\/pages\/20517"}],"wp:attachment":[{"href":"https:\/\/menslab.com\/es\/wp-json\/wp\/v2\/media?parent=19467"}],"curies":[{"name":"wp","href":"https:\/\/api.w.org\/{rel}","templated":true}]}}