{"id":19474,"date":"2016-06-13T11:59:10","date_gmt":"2016-06-13T09:59:10","guid":{"rendered":"https:\/\/menslab.com\/es\/quienes-somos\/monica_albuja\/"},"modified":"2021-01-14T19:43:59","modified_gmt":"2021-01-14T18:43:59","slug":"monica_albuja","status":"publish","type":"page","link":"https:\/\/menslab.com\/es\/quienes-somos\/monica_albuja\/","title":{"rendered":"Monica Albuja"},"content":{"rendered":"<p>[vc_row css_animation=\u00bb\u00bb row_type=\u00bbrow\u00bb use_row_as_full_screen_section=\u00bbno\u00bb type=\u00bbfull_width\u00bb angled_section=\u00bbno\u00bb text_align=\u00bbleft\u00bb background_image_as_pattern=\u00bbwithout_pattern\u00bb][vc_column][vc_empty_space][vc_column_text]<nav aria-label=\"breadcrumbs\">\n            <div class=\"breadcrumb-container theme4\">\n                <ol>\n                    <li><a title=\"Sei in:\" href=\"#\"><span>Sei in:<\/span><\/a><span class=\"separator\">&gt;<\/span><\/li>\n                    <\/ol>\n            <\/div>\n        <\/nav>    <script type=\"application\/ld+json\">\n        {\n            \"@context\": \"http:\/\/schema.org\",\n            \"@type\": \"BreadcrumbList\",\n            \"itemListElement\": [\n                 {\n                            \"@type\": \"ListItem\",\n                            \"position\": 1,\n                            \"item\": {\n                                \"@id\": \"#\",\n                                \"name\": \"Sei in:\"\n                            }\n                        }\n                                                    ]\n        }\n    <\/script>\n    <style type=\"text\/css\">\n        .breadcrumb-container {\n            font-size: 13px;\n        }\n\n        .breadcrumb-container ul {\n            margin: 0;\n            padding: 0;\n        }\n\n        .breadcrumb-container li {\n            box-sizing: unset;\n            display: inline-block;\n            margin: 0;\n            padding: 0;\n        }\n\n        .breadcrumb-container li a {\n            box-sizing: unset;\n            padding: 0 10px;\n        }\n\n        .breadcrumb-container {\n            font-size: 14px !important;\n                    }\n\n        .breadcrumb-container li a {\n            color: #f7f7f7 !important;\n            font-size: 14px !important;\n            line-height: 14px !important;\n                    }\n\n        .breadcrumb-container li .separator {\n            color: #ffffff !important;\n            font-size: 14px !important;\n                    }\n\n        .breadcrumb-container li:last-child .separator {\n            display: none;\n        }\n    <\/style>\n    <style type=\"text\/css\">\n\n        .breadcrumb-container.theme4 li {\n            display: inline-block;\n            margin: 0 14px;\n            padding: 0;\n        }\n\n        .breadcrumb-container.theme4 a {\n            background: #28b0ff;\n            color: rgb(102, 102, 102);\n            display: inline-block;\n            font-size: 14px;\n            height: 16px;\n            margin: 0;\n            padding: 5px 10px;\n            text-decoration: none;\n            position:relative;\n        }\n\n\n        .breadcrumb-container.theme4 a::after {\n            -moz-border-bottom-colors: none;\n            -moz-border-left-colors: none;\n            -moz-border-right-colors: none;\n            -moz-border-top-colors: none;\n            border-color: rgba(0, 0, 0, 0) rgba(0, 0, 0, 0) rgba(0, 0, 0, 0) #28b0ff;\n            border-image: none;\n            border-style: solid;\n            border-width: 13px;\n            content: \" \";\n            display: inline-block;\n            height: 0;\n            line-height: 0;\n            position: absolute;\n            right: -26px;\n            top: 0;\n            width: 0;\n        }\n\n        .breadcrumb-container.theme4 .separator {\n            display: none;\n        }\n    <\/style>\n        <style type=\"text\/css\">\n            <\/style>\n    <script>\n            <\/script>\n[\/vc_column_text][vc_empty_space][vc_empty_space][vc_column_text]<\/p>\n<h1 style=\"color: #545454;\">Monica Albuja<\/h1>\n<p>[\/vc_column_text][vc_separator type=\u00bbsmall\u00bb position=\u00bbleft\u00bb color=\u00bb#545454&#8243;][vc_empty_space][\/vc_column][\/vc_row][vc_row css_animation=\u00bb\u00bb row_type=\u00bbrow\u00bb use_row_as_full_screen_section=\u00bbno\u00bb type=\u00bbfull_width\u00bb angled_section=\u00bbno\u00bb text_align=\u00bbleft\u00bb background_image_as_pattern=\u00bbwithout_pattern\u00bb][vc_column width=\u00bb1\/2&#8243;][vc_column_text]<strong>M\u00f3nica Albuja<\/strong> es fundadora de la sociedad de asesor\u00eda estrat\u00e9gica Halo en Espa\u00f1a. Es formadora senior en \u00e1reas de comunicaci\u00f3n y de marketing y coach para la innovaci\u00f3n estrat\u00e9gica. Tiene una credencial de la ICF como MCC (Master Certified Coach) y est\u00e1 certificada como Coach ontol\u00f3gica por Rafael Echeverr\u00eda y Julio Olalla y como coach sist\u00e9mico evolutivo por Menslab. Especializada en programaci\u00f3n neuroling\u00fc\u00edstica, ha obtenido el t\u00edtulo de NLP Licensed Master Practitioner con Menslab y la Society of NLP[\/vc_column_text][vc_empty_space][\/vc_column][vc_column width=\u00bb1\/2&#8243;][vc_single_image image=\u00bb18507&#8243; img_size=\u00bbfull\u00bb qode_css_animation=\u00bb\u00bb][\/vc_column][\/vc_row][vc_row css_animation=\u00bb\u00bb row_type=\u00bbrow\u00bb use_row_as_full_screen_section=\u00bbno\u00bb type=\u00bbfull_width\u00bb angled_section=\u00bbno\u00bb text_align=\u00bbleft\u00bb background_image_as_pattern=\u00bbwithout_pattern\u00bb][vc_column][vc_empty_space][vc_column_text]Le apasiona ver c\u00f3mo la comunicaci\u00f3n influye y expande los procesos de trabajo y las relaciones \u00fatiles para crear los resultados deseados por las personas y las organizaciones. Todas sus actividades tienen como objetivo realzar el valor de los recursos humanos. Mediante el coaching organizativo y el an\u00e1lisis de procesos comunicativos, ofrece a sus clientes espacios de reflexi\u00f3n que permiten la posibilidad de entender las oportunidades estrat\u00e9gicas \u00fatiles para el desarrollo de su negocio.<br \/>\nEn su actividad profesional desarrolla programas de coaching de gran impacto y ofrece talleres y conferencias dirigidas a profesionales y a grupos de trabajo.[\/vc_column_text][vc_empty_space][\/vc_column][\/vc_row][vc_row css_animation=\u00bb\u00bb row_type=\u00bbrow\u00bb use_row_as_full_screen_section=\u00bbno\u00bb type=\u00bbfull_width\u00bb angled_section=\u00bbno\u00bb text_align=\u00bbleft\u00bb background_image_as_pattern=\u00bbwithout_pattern\u00bb][vc_column][vc_empty_space][vc_column_text]En los \u00faltimos dieciocho a\u00f1os ha trabajado con numerosas empresas multinacionales, con administradores delegados, directivos y emprendedores que han reconocido una mejora en la calidad de su vida personal y profesional, destacando su nivel de responsabilidad, liderazgo, eficacia, productividad, bienestar y equilibrio.<br \/>\nAntes de empezar su actividad como coach, M\u00f3nica trabaj\u00f3 como responsable en las \u00e1reas de marketing en empresas como Coca Cola, Procter &amp; Gamble, Campari y Sol Meli\u00e1.[\/vc_column_text][vc_empty_space][\/vc_column][\/vc_row]<\/p>\n","protected":false},"excerpt":{"rendered":"<p>[vc_row css_animation=\u00bb\u00bb row_type=\u00bbrow\u00bb use_row_as_full_screen_section=\u00bbno\u00bb type=\u00bbfull_width\u00bb angled_section=\u00bbno\u00bb text_align=\u00bbleft\u00bb background_image_as_pattern=\u00bbwithout_pattern\u00bb][vc_column][vc_empty_space][vc_column_text][\/vc_column_text][vc_empty_space][vc_empty_space][vc_column_text] Monica Albuja [\/vc_column_text][vc_separator type=\u00bbsmall\u00bb position=\u00bbleft\u00bb color=\u00bb#545454&#8243;][vc_empty_space][\/vc_column][\/vc_row][vc_row css_animation=\u00bb\u00bb row_type=\u00bbrow\u00bb use_row_as_full_screen_section=\u00bbno\u00bb type=\u00bbfull_width\u00bb angled_section=\u00bbno\u00bb text_align=\u00bbleft\u00bb background_image_as_pattern=\u00bbwithout_pattern\u00bb][vc_column width=\u00bb1\/2&#8243;][vc_column_text]M\u00f3nica Albuja es fundadora de la sociedad de asesor\u00eda estrat\u00e9gica Halo en Espa\u00f1a. Es formadora senior en \u00e1reas de comunicaci\u00f3n y de marketing y&#8230;<\/p>\n","protected":false},"author":1,"featured_media":0,"parent":20517,"menu_order":0,"comment_status":"closed","ping_status":"closed","template":"","meta":{"footnotes":""},"class_list":["post-19474","page","type-page","status-publish","hentry"],"_links":{"self":[{"href":"https:\/\/menslab.com\/es\/wp-json\/wp\/v2\/pages\/19474","targetHints":{"allow":["GET"]}}],"collection":[{"href":"https:\/\/menslab.com\/es\/wp-json\/wp\/v2\/pages"}],"about":[{"href":"https:\/\/menslab.com\/es\/wp-json\/wp\/v2\/types\/page"}],"author":[{"embeddable":true,"href":"https:\/\/menslab.com\/es\/wp-json\/wp\/v2\/users\/1"}],"replies":[{"embeddable":true,"href":"https:\/\/menslab.com\/es\/wp-json\/wp\/v2\/comments?post=19474"}],"version-history":[{"count":0,"href":"https:\/\/menslab.com\/es\/wp-json\/wp\/v2\/pages\/19474\/revisions"}],"up":[{"embeddable":true,"href":"https:\/\/menslab.com\/es\/wp-json\/wp\/v2\/pages\/20517"}],"wp:attachment":[{"href":"https:\/\/menslab.com\/es\/wp-json\/wp\/v2\/media?parent=19474"}],"curies":[{"name":"wp","href":"https:\/\/api.w.org\/{rel}","templated":true}]}}