{"id":19602,"date":"2016-06-23T17:01:32","date_gmt":"2016-06-23T15:01:32","guid":{"rendered":"https:\/\/menslab.com\/es\/condizioni-di-utilizzo\/"},"modified":"2022-11-11T09:06:22","modified_gmt":"2022-11-11T08:06:22","slug":"condiciones-de-uso","status":"publish","type":"page","link":"https:\/\/menslab.com\/es\/condiciones-de-uso\/","title":{"rendered":"Privacy y condiciones de uso"},"content":{"rendered":"<p>[vc_row css_animation=\u00bb\u00bb row_type=\u00bbrow\u00bb use_row_as_full_screen_section=\u00bbno\u00bb type=\u00bbgrid\u00bb angled_section=\u00bbno\u00bb text_align=\u00bbleft\u00bb background_image_as_pattern=\u00bbwithout_pattern\u00bb background_color=\u00bb#ffffff\u00bb padding_top=\u00bb87&#8243; padding_bottom=\u00bb0&#8243;][vc_column][vc_empty_space height=\u00bb50px\u00bb][vc_column_text]Queremos informarle de que el \u00abReglamento Europeo 2016\/679 relativo a la protecci\u00f3n de las personas f\u00edsicas en lo que respecta al tratamiento de datos personales y a la libre circulaci\u00f3n de estos datos\u00bb (en adelante, \u00abRGPD\u00bb) establece la protecci\u00f3n de personas y otros sujetos respecto al tratamiento de datos personales.<\/p>\n<p>Menslab Srl, en calidad de \u00abTitular\u00bb del tratamiento, seg\u00fan lo estipulado por el art\u00edculo 13 del RGDP, desea informarle sobre las modalidades de aplicaci\u00f3n para el tratamiento de datos personales que utiliza en la ejecuci\u00f3n de su actividad.<\/p>\n<p><strong><br \/>\n\u00bfQu\u00e9 categor\u00edas de datos trata Menslab Srl?<\/strong><\/p>\n<p>Menslab Srl trata los datos personales y\/o sensibles (nombre, apellidos, contacto, experiencia profesional, intereses respecto a las actividades ofrecidas por Menslab Srl, historial de los productos adquiridos, etc.) que se incluyan en los m\u00f3dulos de contacto disponibles online en la p\u00e1gina web <a href=\"https:\/\/menslab.com\">www.menslab.com<\/a> y\/o comunicados a trav\u00e9s del n\u00famero de informaci\u00f3n italiano 800 810 811 o el n\u00famero de tel\u00e9fono +39 380 3432665 o mediante el contacto directo con socios, formadores, asesores y colaboradores de Menslab y\/o durante eventos, tales como ferias, conferencias, formaciones, y\/o en la estipulaci\u00f3n de contratos con Menslab Srl.<\/p>\n<p><strong><br \/>\n\u00bfCu\u00e1l es la fuente de los datos personales?<\/strong><\/p>\n<p>Los datos personales en manos de Menslab Srl se le indican directamente al interesado en el momento de completar los m\u00f3dulos online o durante las interacciones con Menslab Srl indicadas en el punto anterior.<\/p>\n<p><strong><br \/>\n\u00bfQui\u00e9n es el titular del tratamiento de datos?<\/strong><\/p>\n<p>El titular del tratamiento es <strong>Menslab Srl<\/strong>, <strong>Via Salvatore Farina, 61, 09127 Cagliari, Italia. NIF: 03383930926<\/strong>, con quien se puede contactar por tel\u00e9fono a trav\u00e9s del n\u00famero de informaci\u00f3n italiano <strong>800 810 811<\/strong> y, desde el extranjero, a trav\u00e9s del n\u00famero +39 331 801 13 96 o el e-mail <a href=\"mailto:info@menslab.com\"><strong>info@menslab.com<\/strong><\/a>.<\/p>\n<p><strong><br \/>\n\u00bfCu\u00e1l es la finalidad del tratamiento de datos y la base jur\u00eddica para dicho tratamiento?<\/strong><\/p>\n<p>El tratamiento de datos recabados y archivados tras haber sido proporcionados por el interesado en las modalidades descritas anteriormente, tiene como base jur\u00eddica el consentimiento del interesado y se realiza con los siguientes fines: ofrecer la informaci\u00f3n solicitada; ejecutar los contratos suscritos con Menslab Srl; descargar \/ adquirir material formativo e informativo; proporcionar servicios de asistencia y apoyo; enviar comunicados de tipo formativo, informativo y comercial; gestionar actividades de elaboraci\u00f3n de perfiles comerciales para poder ofrecer informaci\u00f3n sobre los servicios \/ productos de Menslab Srl.<\/p>\n<p><strong><br \/>\n\u00bfQui\u00e9nes son los destinatarios de los datos?<\/strong><\/p>\n<p>En los l\u00edmites de la finalidad del tratamiento indicados, sus datos podr\u00e1n ser comunicados a socios, asociaciones internacionales de referencia, empresas de asesor\u00eda o empresas privadas, a los nombrados como Responsables por el Titular del Tratamiento. Sus datos no estar\u00e1n sujetos, de ninguna manera, a la difusi\u00f3n. El Responsable y los Encargados del tratamiento en el cargo estar\u00e1n identificados individualmente en el Documento de Privacidad, actualizado peri\u00f3dicamente.<\/p>\n<p><strong><br \/>\n\u00bfSe podr\u00e1n transferir sus datos al extranjero?<\/strong><\/p>\n<p>Los datos recabados podr\u00e1n transferirse al extranjero en caso de solicitud de certificados internacionales que, para poder emitirse, requieren la transmisi\u00f3n de algunos datos (nombre, apellidos, datos de contacto, per\u00edodo de formaci\u00f3n \/ coaching \/ supervisi\u00f3n realizado, t\u00edtulo obtenido). Otros datos podr\u00e1n transferirse al extranjero \u2013a Estados Unidos\u2013 \u00fanicamente para su archivo y tratamiento por parte del Titular. En caso de sistemas de tratamiento y archivo de datos con sede en Estados Unidos, como, por ejemplo, el de gesti\u00f3n CRM \u2013customer relationship manager\u2013, las empresas utilizadas por Menslab Srl est\u00e1n registradas de manera activa en el EU \u2013 US Privacy Shield Framework.<\/p>\n<p><strong><br \/>\n\u00bfDurante cu\u00e1nto tiempo se conservar\u00e1n sus datos?<\/strong><\/p>\n<p>Los datos recabados se conservar\u00e1n durante un plazo de tiempo que sea \u00fatil para el cumplimiento de los fines para los que se proporcionan y tratan (\u00abprincipio de limitaci\u00f3n del plazo de conservaci\u00f3n\u00bb, art. 5 del RGDP) o seg\u00fan los plazos previstos por la legislaci\u00f3n vigente. Los datos de las personas que soliciten informaci\u00f3n y no contin\u00faen teniendo intercambios de comunicaci\u00f3n con Menslab Srl se conservar\u00e1n durante un per\u00edodo m\u00e1ximo de tres a\u00f1os desde el \u00faltimo intercambio de comunicaci\u00f3n. La comprobaci\u00f3n de la obsolescencia de los datos conservados para los fines para los que se recaban se realiza de forma peri\u00f3dica.<\/p>\n<p><strong><br \/>\n\u00bfCu\u00e1les son sus derechos como parte interesada directa por el tratamiento de datos?<\/strong><\/p>\n<p>Como parte interesada por el tratamiento de datos, siempre contar\u00e1 con el derecho de solicitar a Menslab Srl el acceso a sus datos, la rectificaci\u00f3n o la eliminaci\u00f3n de \u00e9stos, la limitaci\u00f3n del tratamiento o la posibilidad de oponerse al tratamiento, de solicitar la portabilidad de datos, de revocar el consentimiento para el tratamiento haciendo valer estos u otros derechos previstos en el RGDP mediante una simple comunicaci\u00f3n a Menslab Srl. En caso de un uso diferente de los datos respecto al que se indica en el presente documento, podr\u00e1 presentar una reclamaci\u00f3n a las autoridades de control.<\/p>\n<p><strong><br \/>\n\u00bfEs obligatorio aportar los datos?<\/strong><\/p>\n<p>Aportar algunos datos, \u00fatiles para la celebraci\u00f3n de contratos con Menslab Srl es obligatorio. En los contactos que se realicen online, mediante los m\u00f3dulos de contacto presentes en la p\u00e1gina web <a href=\"https:\/\/menslab.com\">www.menslab.com<\/a>, aportar datos es optativo en algunas partes y obligatorio en otras. En caso de no aportar los datos obligatorios, se considerar\u00e1 imposible enviar los m\u00f3dulos de contacto y de celebraci\u00f3n de contratos.<\/p>\n<p><strong><br \/>\n\u00bfEs obligatorio dar el consentimiento para el tratamiento de sus datos?<\/strong><\/p>\n<p>El consentimiento, para todos los contactos que se realicen online, es obligatorio y se realiza marcando el consentimiento para el tratamiento de datos presente en los m\u00f3dulos de contacto. Para los datos aportados mediante otras modalidades (comunicaci\u00f3n directa con Menslab Srl mediante el n\u00famero de informaci\u00f3n o con sus representantes), el consentimiento se considera impl\u00edcito, existiendo la posibilidad de consultar, modificar, limitar los datos en posesi\u00f3n de Menslab Srl o solicitar la eliminaci\u00f3n inmediata de \u00e9stos.<\/p>\n<p><strong><br \/>\n\u00bfCu\u00e1l es la modalidad del tratamiento de datos?<\/strong><\/p>\n<p>Los datos personales que nos proporcione ser\u00e1n objeto de operaciones de tratamiento en cumplimiento de la normativa citada anteriormente y de las obligaciones de confidencialidad en los que se inspira la actividad del Titular. Los datos ser\u00e1n tratados tanto con instrumentos inform\u00e1ticos como con soportes en papel o cualquier otro tipo de soporte id\u00f3neo, siempre en el respeto de las medidas t\u00e9cnicas y organizativas adecuadas para la seguridad previstas por el RGDP.[\/vc_column_text][vc_empty_space height=\u00bb50px\u00bb][vc_column_text]<\/p>\n<h2 style=\"text-align: left; color: #595959;\">Condiciones generales, renuncias y anulaciones<\/h2>\n<p>[\/vc_column_text][vc_separator type=\u00bbsmall\u00bb position=\u00bbleft\u00bb color=\u00bb#204b70&#8243; up=\u00bb15&#8243; down=\u00bb20&#8243;][vc_column_text]1. El presente documento tiene valor desde ahora como contrato irrevocable.<br \/>\n2. Las posibles anulaciones tendr\u00e1n que comunicarse por lo menos 10 d\u00edas antes de la fecha de inicio del curso.<br \/>\n3. En caso de anulaci\u00f3n por parte del tomador, adem\u00e1s de los plazos preestablecidos, se aplicar\u00e1 una penalizaci\u00f3n equivalente a la cuota de inscripci\u00f3n. Esta penalizaci\u00f3n no superar\u00e1, en ning\u00fan caso, el 50% de la cuota de participaci\u00f3n en el programa.<br \/>\n4. En caso de que Menslab no recibiese ningun aviso de anulaci\u00f3n antes de la fecha de comienzo del programa, el participante abonar\u00e1 la cuota correspondiente a la totalidad del curso como penalizaci\u00f3n.<br \/>\n5. Menslab se reserva el derecho de cancelar o aplazar un curso en caso de que no se alcance el n\u00famero m\u00ednimo de participantes necesario para cubrir los gastos organizativos y en caso de que no se cumplan los requisitos necesarios para el buen funcionamiento de la actividad. En el caso de que esto ocurriese, se comunicar\u00eda con por lo menos siete d\u00edas de antelaci\u00f3n respecto a la fecha prevista para el comienzo de la actividad.<br \/>\n6. Se da por hecho que la actividad est\u00e1 confirmada excepto si existe una comunicaci\u00f3n escrita de la cancelaci\u00f3n, enviada por e-mail o por carta certificada, por lo menos siete d\u00edas antes de la fecha prevista del inicio de la actividad.<br \/>\n7. Si la actividad se cancela o se aplaza, se comunicar\u00e1 tal hecho al participante, que podr\u00e1 decidir si participar en la edici\u00f3n siguiente o cancelar la inscripci\u00f3n, recibiendo la devoluci\u00f3n total de la cuota abonada en el momento de la inscripci\u00f3n.<br \/>\n8. El precio del programa, a no ser que se indique lo contrario, incluye el material did\u00e1ctico (libros y apuntes). Este material ser\u00e1 proporcionado por Menslab antes del final del curso.<br \/>\n9. Considerando el hecho de que Menslab organizar\u00e1 los programas con base a los contratos de inscripci\u00f3n firmados, se da por hecho que el contrayente se compromete desde este momento a abonar el pago del importe convenido incluso en caso de falta de asistencia total o parcial al curso.<br \/>\n10. Menslab no reconoce acuerdos, promesas verbales o privilegios si no han sido autorizados por escrito por la direcci\u00f3n.<br \/>\n11. Las inscripciones realizadas despu\u00e9s de la fecha de inicio del curso se aceptar\u00e1n \u00fanicamente tras la aceptaci\u00f3n del responsable did\u00e1ctico del programa. Las condiciones de participaci\u00f3n se definir\u00e1n, por escrito y de manera anticipada, entre el participante y el responsable did\u00e1ctico del programa.<br \/>\n12. En caso de abandono durante la participaci\u00f3n en el programa, la cuota de participaci\u00f3n deber\u00e1 ser abonada \u00edntegramente, excepto si existe un acuerdo por escrito entre Menslab y el tomador.<br \/>\n13. Todos los datos personales de los participantes se utilizar\u00e1n exclusivamente para actividades relativas a la did\u00e1ctica y a los certificados otorgados tras el programa.<br \/>\n14. Los datos personales se tratar\u00e1n respetando las leyes vigentes. La eliminaci\u00f3n de los datos personales, tras la regulaci\u00f3n de los contratos vigentes, se podr\u00e1 solicitar enviando un mensaje a la direcci\u00f3n de e-mailinfo@menslab.com. Se borrar\u00e1n los datos de manera inmediata cuando las relaciones comerciales entre el tomador y Menslab hayan finalizado. 1. El presente documento tiene valor desde ahora como contrato irrevocable.<br \/>\n2. Las posibles anulaciones tendr\u00e1n que comunicarse por lo menos 10 d\u00edas antes de la fecha de inicio del curso.<br \/>\n3. En caso de anulaci\u00f3n por parte del tomador, adem\u00e1s de los plazos preestablecidos, se aplicar\u00e1 una penalizaci\u00f3n equivalente a la cuota de inscripci\u00f3n. Esta penalizaci\u00f3n no superar\u00e1, en ning\u00fan caso, el 50% de la cuota de participaci\u00f3n en el programa.<br \/>\n4. En caso de que Menslab no recibiese ningun aviso de anulaci\u00f3n antes de la fecha de comienzo del programa, el participante abonar\u00e1 la cuota correspondiente a la totalidad del curso como penalizaci\u00f3n.<br \/>\n5. Menslab se reserva el derecho de cancelar o aplazar un curso en caso de que no se alcance el n\u00famero m\u00ednimo de participantes necesario para cubrir los gastos organizativos y en caso de que no se cumplan los requisitos necesarios para el buen funcionamiento de la actividad. En el caso de que esto ocurriese, se comunicar\u00eda con por lo menos siete d\u00edas de antelaci\u00f3n respecto a la fecha prevista para el comienzo de la actividad.<br \/>\n6. Se da por hecho que la actividad est\u00e1 confirmada excepto si existe una comunicaci\u00f3n escrita de la cancelaci\u00f3n, enviada por e-mail o por carta certificada, por lo menos siete d\u00edas antes de la fecha prevista del inicio de la actividad.<br \/>\n7. Si la actividad se cancela o se aplaza, se comunicar\u00e1 tal hecho al participante, que podr\u00e1 decidir si participar en la edici\u00f3n siguiente o cancelar la inscripci\u00f3n, recibiendo la devoluci\u00f3n total de la cuota abonada en el momento de la inscripci\u00f3n.<br \/>\n8. El precio del programa, a no ser que se indique lo contrario, incluye el material did\u00e1ctico (libros y apuntes). Este material ser\u00e1 proporcionado por Menslab antes del final del curso.<br \/>\n9. Considerando el hecho de que Menslab organizar\u00e1 los programas con base a los contratos de inscripci\u00f3n firmados, se da por hecho que el contrayente se compromete desde este momento a abonar el pago del importe convenido incluso en caso de falta de asistencia total o parcial al curso.<br \/>\n10. Menslab no reconoce acuerdos, promesas verbales o privilegios si no han sido autorizados por escrito por la direcci\u00f3n.<br \/>\n11. Las inscripciones realizadas despu\u00e9s de la fecha de inicio del curso se aceptar\u00e1n \u00fanicamente tras la aceptaci\u00f3n del responsable did\u00e1ctico del programa. Las condiciones de participaci\u00f3n se definir\u00e1n, por escrito y de manera anticipada, entre el participante y el responsable did\u00e1ctico del programa.<br \/>\n12. En caso de abandono durante la participaci\u00f3n en el programa, la cuota de participaci\u00f3n deber\u00e1 ser abonada \u00edntegramente, excepto si existe un acuerdo por escrito entre Menslab y el tomador.<br \/>\n13. Todos los datos personales de los participantes se utilizar\u00e1n exclusivamente para actividades relativas a la did\u00e1ctica y a los certificados otorgados tras el programa.<br \/>\n14. Los datos personales se tratar\u00e1n respetando las leyes vigentes. La eliminaci\u00f3n de los datos personales, tras la regulaci\u00f3n de los contratos vigentes, se podr\u00e1 solicitar enviando un mensaje a la direcci\u00f3n de e-mail <a href=\"mailto:info@menslab.com\">info@menslab.com<\/a>. Se borrar\u00e1n los datos de manera inmediata cuando las relaciones comerciales entre el tomador y Menslab hayan finalizado.[\/vc_column_text][vc_empty_space height=\u00bb50px\u00bb][vc_column_text]<\/p>\n<h3>Rellenando y enviando el formulario de inscripci\u00f3n a un curso, el tomador declara haber le\u00eddo y aceptado los t\u00e9rminos y las condiciones del presente contrato.<\/h3>\n<p>[\/vc_column_text][vc_empty_space height=\u00bb50px\u00bb][\/vc_column][\/vc_row]<\/p>\n","protected":false},"excerpt":{"rendered":"<p>[vc_row css_animation=\u00bb\u00bb row_type=\u00bbrow\u00bb use_row_as_full_screen_section=\u00bbno\u00bb type=\u00bbgrid\u00bb angled_section=\u00bbno\u00bb text_align=\u00bbleft\u00bb background_image_as_pattern=\u00bbwithout_pattern\u00bb background_color=\u00bb#ffffff\u00bb padding_top=\u00bb87&#8243; padding_bottom=\u00bb0&#8243;][vc_column][vc_empty_space height=\u00bb50px\u00bb][vc_column_text]Queremos informarle de que el \u00abReglamento Europeo 2016\/679 relativo a la protecci\u00f3n de las personas f\u00edsicas en lo que respecta al tratamiento de datos personales y a la libre circulaci\u00f3n de estos datos\u00bb (en&#8230;<\/p>\n","protected":false},"author":1,"featured_media":0,"parent":0,"menu_order":0,"comment_status":"open","ping_status":"open","template":"full_width.php","meta":{"footnotes":""},"class_list":["post-19602","page","type-page","status-publish","hentry"],"_links":{"self":[{"href":"https:\/\/menslab.com\/es\/wp-json\/wp\/v2\/pages\/19602","targetHints":{"allow":["GET"]}}],"collection":[{"href":"https:\/\/menslab.com\/es\/wp-json\/wp\/v2\/pages"}],"about":[{"href":"https:\/\/menslab.com\/es\/wp-json\/wp\/v2\/types\/page"}],"author":[{"embeddable":true,"href":"https:\/\/menslab.com\/es\/wp-json\/wp\/v2\/users\/1"}],"replies":[{"embeddable":true,"href":"https:\/\/menslab.com\/es\/wp-json\/wp\/v2\/comments?post=19602"}],"version-history":[{"count":0,"href":"https:\/\/menslab.com\/es\/wp-json\/wp\/v2\/pages\/19602\/revisions"}],"wp:attachment":[{"href":"https:\/\/menslab.com\/es\/wp-json\/wp\/v2\/media?parent=19602"}],"curies":[{"name":"wp","href":"https:\/\/api.w.org\/{rel}","templated":true}]}}