{"id":19624,"date":"2016-09-02T16:41:01","date_gmt":"2016-09-02T14:41:01","guid":{"rendered":"https:\/\/menslab.com\/es\/privacy-e-cookies\/"},"modified":"2021-04-28T11:31:59","modified_gmt":"2021-04-28T09:31:59","slug":"privacidad-y-cookies","status":"publish","type":"page","link":"https:\/\/menslab.com\/es\/privacidad-y-cookies\/","title":{"rendered":"Privacidad y cookies"},"content":{"rendered":"<p>[vc_row row_type=\u00bbrow\u00bb use_row_as_full_screen_section=\u00bbno\u00bb type=\u00bbfull_width\u00bb angled_section=\u00bbno\u00bb text_align=\u00bbleft\u00bb background_image_as_pattern=\u00bbwithout_pattern\u00bb css_animation=\u00bb\u00bb][vc_column][vc_empty_space][vc_empty_space][vc_column_text]Las cookies sirven para mejorar la navegaci\u00f3n y los contenidos propuestos y para optimizar la experiencia del usuario. Tal y como se solicita en las directivas del C\u00f3digo sobre protecci\u00f3n de datos personales, el usuario debe ser informado y debe consentir el uso de cookies. Al continuar la navegaci\u00f3n sin modificar la configuraci\u00f3n del navegador, aceptas recibir todas las cookies de nuestra p\u00e1gina web.[\/vc_column_text][vc_empty_space][vc_column_text]En el momento de enviar una petici\u00f3n o un e-mail de contacto en menslab.com, se requerir\u00e1 la aceptaci\u00f3n del tratamiento de datos personales. Nos comprometemos a proteger la privacidad de todos nuestros usuarios y consideramos de extrema confidencialidad la informaci\u00f3n personal que nuestros clientes nos proporcionan. La informaci\u00f3n que recibimos se utiliza para mejorar y personalizar los servicios ofrecidos y se utilizar\u00e1 solo en caso de recibir autorizaci\u00f3n para hacerlo y, sea como fuere, conforme al \u00abReglamento Europeo 2016\/679 relativo a la protecci\u00f3n de las personas f\u00edsicas en lo que respecta al tratamiento de datos personales y a la libre circulaci\u00f3n de estos datos\u00bb (RGDP).[\/vc_column_text][vc_empty_space][\/vc_column][\/vc_row][vc_row row_type=\u00bbrow\u00bb use_row_as_full_screen_section=\u00bbno\u00bb type=\u00bbfull_width\u00bb angled_section=\u00bbno\u00bb text_align=\u00bbleft\u00bb background_image_as_pattern=\u00bbwithout_pattern\u00bb css_animation=\u00bb\u00bb][vc_column][vc_column_text]<strong>INFORMACI\u00d3N CON ARREGLO AL \u00abREGLAMENTO EUROPEO 2016\/679 RELATIVO A LA PROTECCI\u00d3N DE LAS PERSONAS F\u00cdSICAS EN LO QUE RESPECTA AL TRATAMIENTO DE DATOS PERSONALES Y A LA LIBRE CIRCULACI\u00d3N DE ESTOS DATOS\u00bb (RGDP).<\/strong><\/p>\n<p>Menslab Srl, con arreglo al art. 13 del RGDP, declara que el tratamiento de datos recabados y archivados tras haber sido proporcionados por el interesado en las modalidades descritas anteriormente, tiene como base jur\u00eddica el consentimiento del interesado y se realiza con los siguientes fines: ofrecer la informaci\u00f3n solicitada; ejecutar los contratos suscritos con Menslab Srl; descargar \/ adquirir material formativo e informativo; proporcionar servicios de asistencia y apoyo; enviar comunicados de tipo formativo, informativo y comercial; gestionar actividades de elaboraci\u00f3n de perfiles comerciales para poder ofrecer informaci\u00f3n sobre los servicios \/ productos de Menslab Srl.<br \/>\nAportar algunos datos, \u00fatiles para la celebraci\u00f3n de contratos con Menslab Srl es obligatorio. En los contactos que se realicen online, mediante los m\u00f3dulos de contacto presentes en la p\u00e1gina web <a href=\"https:\/\/menslab.com\">www.menslab.com<\/a>, aportar datos es optativo en algunas partes y obligatorio en otras. En caso de no aportar los datos obligatorios, se considerar\u00e1 imposible enviar los m\u00f3dulos de contacto y de celebraci\u00f3n de contratos.<br \/>\nComo parte interesada por el tratamiento de datos, siempre contar\u00e1 con el derecho de solicitar a Menslab Srl el acceso a sus datos, la rectificaci\u00f3n o la eliminaci\u00f3n de \u00e9stos, la limitaci\u00f3n del tratamiento o la posibilidad de oponerse al tratamiento, de solicitar la portabilidad de datos, de revocar el consentimiento para el tratamiento haciendo valer estos u otros derechos previstos en el RGDP mediante una simple comunicaci\u00f3n a Menslab Srl. En caso de un uso diferente de los datos respecto al que se indica en el presente documento, podr\u00e1 presentar una reclamaci\u00f3n a las autoridades de control.<\/p>\n<p>[\/vc_column_text][vc_empty_space][vc_column_text]<strong>Qu\u00e9 informaci\u00f3n personal recopilamos?<\/strong><\/p>\n<p>Informaci\u00f3n proporcionada por los clientes: los datos se utilizan para comunicarnos con los usuarios, personalizar las compras y mejorar la oferta y los servicios. \u2013 Informaci\u00f3n autom\u00e1tica: algunos datos se reciben cuando los usuarios interact\u00faan en nuestra web, gracias a las llamadas \u00abcookies\u00bb. \u2013 Comunicaci\u00f3n v\u00eda e-mail: utilizamos un intercambio electr\u00f3nico para mantener una relaci\u00f3n y un intercambio continuo de informaci\u00f3n con nuestros usuarios y nuestros clientes. En cualquier momento se puede manifestar la disconformidad para seguir recibiendo nuestros e-mails mediante una simple comunicaci\u00f3n. \u2013 Informaci\u00f3n de otras fuentes: para mejorar y personalizar los servicios ofrecidos, podemos recibir datos e informaci\u00f3n sobre los usuarios mediante otras fuentes y a\u00f1adirlas a nuestros archivo privado (utilizado para estudios internos).[\/vc_column_text][vc_empty_space][vc_column_text]<strong>\u00bfQui\u00e9nes son los destinatarios de los datos?<\/strong><\/p>\n<p>En los l\u00edmites de la finalidad del tratamiento indicados, sus datos podr\u00e1n ser comunicados a socios, asociaciones internacionales de referencia, empresas de asesor\u00eda o empresas privadas, a los nombrados como Responsables por el Titular del Tratamiento. Sus datos no estar\u00e1n sujetos, de ninguna manera, a la difusi\u00f3n. El Responsable y los Encargados del tratamiento en el cargo estar\u00e1n identificados individualmente en el Documento de Privacidad, actualizado peri\u00f3dicamente.<\/p>\n<p><strong><br \/>\n\u00bfSe podr\u00e1n transferir sus datos al extranjero?<\/strong><\/p>\n<p>Los datos recabados podr\u00e1n transferirse al extranjero en caso de solicitud de certificados internacionales que, para poder emitirse, requieren la transmisi\u00f3n de algunos datos (nombre, apellidos, datos de contacto, per\u00edodo de formaci\u00f3n \/ coaching \/ supervisi\u00f3n realizado, t\u00edtulo obtenido). Otros datos podr\u00e1n transferirse al extranjero \u2013a Estados Unidos\u2013 \u00fanicamente para su archivo y tratamiento por parte del Titular. En caso de sistemas de tratamiento y archivo de datos con sede en Estados Unidos, como, por ejemplo, el de gesti\u00f3n CRM \u2013customer relationship manager\u2013, las empresas utilizadas por Menslab Srl est\u00e1n registradas de manera activa en el EU \u2013 US Privacy Shield Framework.[\/vc_column_text][vc_empty_space][vc_column_text]<strong>\u00bfQu\u00e9 son las cookies y para qu\u00e9 sirven?<\/strong><\/p>\n<p>Las cookies son indicadores alfanum\u00e9ricos que se registran en el disco duro de tu ordenador a trav\u00e9s del navegador web. Las cookies no pueden transmitir virus o instalar malware. Para poder disfrutar de los servicios de menslab.com\/es es necesario habilitar las cookies. Utilizamos cookies analytics para recopilar informaci\u00f3n de manera agrupada y por lo tanto an\u00f3nima, sobre el n\u00famero de usuarios y sobre c\u00f3mo \u00e9stos visitan nuestra web, con el objetivo de poder mejorar la experiencia de navegaci\u00f3n de todos los usuarios y de recopilar datos indispensables para la creaci\u00f3n de historiales internos. La normativa italiana y europea disponen que el usuario sea informado de manera adecuada sobre el uso de \u00e9stos y pueda expresar por lo tanto su consentimiento v\u00e1lido. Se refiere a ellos el art. 122 del C\u00f3digo donde se dispone que \u00abel almacenamiento de informaci\u00f3n en el terminal de un tomador o de un usuario o el acceso a informaci\u00f3n ya almacenada est\u00e1 \u00fanicamente permitido con la condici\u00f3n de que el tomador o el usuario haya expresado el consentimiento tras haber sido informado mediante el modo simplificado conforme al art\u00edculo 13 p\u00e1rrafo 3\u00bb. (art. 122, p\u00e1rrafo 1 del C\u00f3digo de protecci\u00f3n de datos personales italiano). Para m\u00e1s informaci\u00f3n, consulta la p\u00e1gina dedicada al Respeto de la privacidad.[\/vc_column_text][vc_empty_space][vc_column_text]<strong>C\u00f3mo deshabilitar las cookies?<\/strong><\/p>\n<p>La mayor\u00eda de los navegadores (Internet Explorer, Firefox, Chrome, etc.) est\u00e1n configurados para aceptar las cookies. Las cookies memorizadas en el disco duro de tu dispositivo se pueden borrar y, adem\u00e1s, se pueden deshabilitar las cookies siguiendo las instrucciones proporcionadas en las secciones correspondientes en la configuraci\u00f3n del navegador. Puedes adem\u00e1s consultar la p\u00e1gina web del fabricante del navegador utilizado.<\/p>\n<p><a href=\"https:\/\/support.google.com\/accounts\/answer\/61416?hl=it\" target=\"_blank\" rel=\"noopener\">Goole Chrome<\/a><br \/>\n<a href=\"https:\/\/support.apple.com\/it-it\/HT201265\" target=\"_blank\" rel=\"noopener\">Safari<\/a><br \/>\n<a href=\"https:\/\/support.mozilla.org\/it\/kb\/Attivare%20e%20disattivare%20i%20cookie\" target=\"_blank\" rel=\"noopener\">Mozilla Firefox<\/a><br \/>\n<a href=\"https:\/\/help.opera.com\/Windows\/10.00\/it\/cookies.html\" target=\"_blank\" rel=\"noopener\">Opera<\/a><br \/>\n<a href=\"https:\/\/support.microsoft.com\/it-it\/kb\/278835\" target=\"_blank\" rel=\"noopener\">Internet Explorer<\/a>[\/vc_column_text][\/vc_column][\/vc_row]<\/p>\n","protected":false},"excerpt":{"rendered":"<p>[vc_row row_type=\u00bbrow\u00bb use_row_as_full_screen_section=\u00bbno\u00bb type=\u00bbfull_width\u00bb angled_section=\u00bbno\u00bb text_align=\u00bbleft\u00bb background_image_as_pattern=\u00bbwithout_pattern\u00bb css_animation=\u00bb\u00bb][vc_column][vc_empty_space][vc_empty_space][vc_column_text]Las cookies sirven para mejorar la navegaci\u00f3n y los contenidos propuestos y para optimizar la experiencia del usuario. Tal y como se solicita en las directivas del C\u00f3digo sobre protecci\u00f3n de datos personales, el usuario debe ser informado&#8230;<\/p>\n","protected":false},"author":1,"featured_media":0,"parent":0,"menu_order":0,"comment_status":"closed","ping_status":"closed","template":"","meta":{"footnotes":""},"class_list":["post-19624","page","type-page","status-publish","hentry"],"_links":{"self":[{"href":"https:\/\/menslab.com\/es\/wp-json\/wp\/v2\/pages\/19624","targetHints":{"allow":["GET"]}}],"collection":[{"href":"https:\/\/menslab.com\/es\/wp-json\/wp\/v2\/pages"}],"about":[{"href":"https:\/\/menslab.com\/es\/wp-json\/wp\/v2\/types\/page"}],"author":[{"embeddable":true,"href":"https:\/\/menslab.com\/es\/wp-json\/wp\/v2\/users\/1"}],"replies":[{"embeddable":true,"href":"https:\/\/menslab.com\/es\/wp-json\/wp\/v2\/comments?post=19624"}],"version-history":[{"count":0,"href":"https:\/\/menslab.com\/es\/wp-json\/wp\/v2\/pages\/19624\/revisions"}],"wp:attachment":[{"href":"https:\/\/menslab.com\/es\/wp-json\/wp\/v2\/media?parent=19624"}],"curies":[{"name":"wp","href":"https:\/\/api.w.org\/{rel}","templated":true}]}}