{"id":19696,"date":"2016-10-17T12:42:59","date_gmt":"2016-10-17T10:42:59","guid":{"rendered":"https:\/\/menslab.com\/es\/?page_id=19696"},"modified":"2018-10-11T19:42:54","modified_gmt":"2018-10-11T17:42:54","slug":"elena_goos","status":"publish","type":"page","link":"https:\/\/menslab.com\/es\/quienes-somos\/elena_goos\/","title":{"rendered":"Elena Goos"},"content":{"rendered":"<p>[vc_row css_animation=\u00bb\u00bb row_type=\u00bbrow\u00bb use_row_as_full_screen_section=\u00bbno\u00bb type=\u00bbfull_width\u00bb angled_section=\u00bbno\u00bb text_align=\u00bbleft\u00bb background_image_as_pattern=\u00bbwithout_pattern\u00bb][vc_column][vc_empty_space][vc_column_text]<nav aria-label=\"breadcrumbs\">\n            <div class=\"breadcrumb-container theme4\">\n                <ol>\n                    <li><a title=\"Sei in:\" href=\"#\"><span>Sei in:<\/span><\/a><span class=\"separator\">&gt;<\/span><\/li>\n                    <\/ol>\n            <\/div>\n        <\/nav>    <script type=\"application\/ld+json\">\n        {\n            \"@context\": \"http:\/\/schema.org\",\n            \"@type\": \"BreadcrumbList\",\n            \"itemListElement\": [\n                 {\n                            \"@type\": \"ListItem\",\n                            \"position\": 1,\n                            \"item\": {\n                                \"@id\": \"#\",\n                                \"name\": \"Sei in:\"\n                            }\n                        }\n                                                    ]\n        }\n    <\/script>\n    <style type=\"text\/css\">\n        .breadcrumb-container {\n            font-size: 13px;\n        }\n\n        .breadcrumb-container ul {\n            margin: 0;\n            padding: 0;\n        }\n\n        .breadcrumb-container li {\n            box-sizing: unset;\n            display: inline-block;\n            margin: 0;\n            padding: 0;\n        }\n\n        .breadcrumb-container li a {\n            box-sizing: unset;\n            padding: 0 10px;\n        }\n\n        .breadcrumb-container {\n            font-size: 14px !important;\n                    }\n\n        .breadcrumb-container li a {\n            color: #f7f7f7 !important;\n            font-size: 14px !important;\n            line-height: 14px !important;\n                    }\n\n        .breadcrumb-container li .separator {\n            color: #ffffff !important;\n            font-size: 14px !important;\n                    }\n\n        .breadcrumb-container li:last-child .separator {\n            display: none;\n        }\n    <\/style>\n    <style type=\"text\/css\">\n\n        .breadcrumb-container.theme4 li {\n            display: inline-block;\n            margin: 0 14px;\n            padding: 0;\n        }\n\n        .breadcrumb-container.theme4 a {\n            background: #28b0ff;\n            color: rgb(102, 102, 102);\n            display: inline-block;\n            font-size: 14px;\n            height: 16px;\n            margin: 0;\n            padding: 5px 10px;\n            text-decoration: none;\n            position:relative;\n        }\n\n\n        .breadcrumb-container.theme4 a::after {\n            -moz-border-bottom-colors: none;\n            -moz-border-left-colors: none;\n            -moz-border-right-colors: none;\n            -moz-border-top-colors: none;\n            border-color: rgba(0, 0, 0, 0) rgba(0, 0, 0, 0) rgba(0, 0, 0, 0) #28b0ff;\n            border-image: none;\n            border-style: solid;\n            border-width: 13px;\n            content: \" \";\n            display: inline-block;\n            height: 0;\n            line-height: 0;\n            position: absolute;\n            right: -26px;\n            top: 0;\n            width: 0;\n        }\n\n        .breadcrumb-container.theme4 .separator {\n            display: none;\n        }\n    <\/style>\n        <style type=\"text\/css\">\n            <\/style>\n    <script>\n            <\/script>\n[\/vc_column_text][vc_empty_space][vc_empty_space][vc_column_text]<\/p>\n<h1 style=\"color: #545454;\">Elena Goos<\/h1>\n<p>[\/vc_column_text][vc_separator type=\u00bbsmall\u00bb position=\u00bbleft\u00bb color=\u00bb#545454&#8243;][vc_empty_space][\/vc_column][\/vc_row][vc_row css_animation=\u00bb\u00bb row_type=\u00bbrow\u00bb use_row_as_full_screen_section=\u00bbno\u00bb type=\u00bbfull_width\u00bb angled_section=\u00bbno\u00bb text_align=\u00bbleft\u00bb background_image_as_pattern=\u00bbwithout_pattern\u00bb][vc_column width=\u00bb1\/2&#8243;][vc_column_text]<strong>Elena Goos\u00a0<\/strong>es licenciada en Ciencias Pol\u00edticas por la Universidad de Trieste y egresada en un MBA de International Business en la MIB School of Management. Tras una larga experiencia en la asesor\u00eda estrat\u00e9gica, en el sector financiero, en la Corporate Governance y en el Executive Search, se apasion\u00f3 por el coaching y se form\u00f3 en la escuela de Menslab, donde consigui\u00f3 el t\u00edtulo de Coach Sist\u00e9mico Evolutivo. Es NLP Master Practitioner y Professional Coach Certificada por la ICF International.[\/vc_column_text][vc_empty_space][\/vc_column][vc_column width=\u00bb1\/2&#8243;][vc_single_image image=\u00bb19689&#8243; img_size=\u00bbfull\u00bb qode_css_animation=\u00bb\u00bb][\/vc_column][\/vc_row][vc_row css_animation=\u00bb\u00bb row_type=\u00bbrow\u00bb use_row_as_full_screen_section=\u00bbno\u00bb type=\u00bbfull_width\u00bb angled_section=\u00bbno\u00bb text_align=\u00bbleft\u00bb background_image_as_pattern=\u00bbwithout_pattern\u00bb][vc_column][vc_empty_space][vc_column_text]Desde 2010 lleva a cabo actividades de Executive Coaching, Executive Search y Board Advisory en las cumbres empresariales de algunas de las mayores empresas en bolsa, sociedades familiares e institutos financieros.<\/p>\n<p>Transcurri\u00f3 siete a\u00f1os de su vida profesional en la Bolsa italiana, como responsable del sector Blue Chip y del mercado de inversiones de veh\u00edculos, as\u00ed como directora de inversiones institucionales, donde estimul\u00f3 el accionariado de las empresas italiana (IPO) y apoy\u00f3 la liquidez y la capitalizaci\u00f3n de las sociedades ya presentes en la lista mediante muestras internacionales y eventos t\u00e9cnicos en Italia y en el extranjero.[\/vc_column_text][vc_empty_space][\/vc_column][\/vc_row][vc_row css_animation=\u00bb\u00bb row_type=\u00bbrow\u00bb use_row_as_full_screen_section=\u00bbno\u00bb type=\u00bbfull_width\u00bb angled_section=\u00bbno\u00bb text_align=\u00bbleft\u00bb background_image_as_pattern=\u00bbwithout_pattern\u00bb][vc_column][vc_empty_space][vc_column_text]Anteriormente hab\u00eda trabajado durante seis a\u00f1os en McKinsey &amp; Company, en las sedes de Mil\u00e1n y Londres, como responsable de la investigaci\u00f3n europea en la gesti\u00f3n de activos y como asesora especializada en el sector financiero, prestando apoyo a los clientes de la firma en sus decisiones estrat\u00e9gicas.<\/p>\n<p>Es especialmente activa en el \u00e1mbito de la gesti\u00f3n de la diversidad, adem\u00e1s de Mentor Coach de la Professional Women Association y ha sido nominada en la lista de las mujeres \u00abReady for Board\u00bb publicada por la propia PWA. Es adem\u00e1s miembro del Comit\u00e9 Directivo del D Club, la red de mujeres con talento que trabajan en el mundo financiero italiano.[\/vc_column_text][vc_empty_space][\/vc_column][\/vc_row]<\/p>\n","protected":false},"excerpt":{"rendered":"<p>[vc_row css_animation=\u00bb\u00bb row_type=\u00bbrow\u00bb use_row_as_full_screen_section=\u00bbno\u00bb type=\u00bbfull_width\u00bb angled_section=\u00bbno\u00bb text_align=\u00bbleft\u00bb background_image_as_pattern=\u00bbwithout_pattern\u00bb][vc_column][vc_empty_space][vc_column_text][\/vc_column_text][vc_empty_space][vc_empty_space][vc_column_text] Elena Goos [\/vc_column_text][vc_separator type=\u00bbsmall\u00bb position=\u00bbleft\u00bb color=\u00bb#545454&#8243;][vc_empty_space][\/vc_column][\/vc_row][vc_row css_animation=\u00bb\u00bb row_type=\u00bbrow\u00bb use_row_as_full_screen_section=\u00bbno\u00bb type=\u00bbfull_width\u00bb angled_section=\u00bbno\u00bb text_align=\u00bbleft\u00bb background_image_as_pattern=\u00bbwithout_pattern\u00bb][vc_column width=\u00bb1\/2&#8243;][vc_column_text]Elena Goos\u00a0es licenciada en Ciencias Pol\u00edticas por la Universidad de Trieste y egresada en un MBA de International Business en la MIB School of&#8230;<\/p>\n","protected":false},"author":3,"featured_media":0,"parent":20517,"menu_order":0,"comment_status":"closed","ping_status":"closed","template":"","meta":{"footnotes":""},"class_list":["post-19696","page","type-page","status-publish","hentry"],"_links":{"self":[{"href":"https:\/\/menslab.com\/es\/wp-json\/wp\/v2\/pages\/19696","targetHints":{"allow":["GET"]}}],"collection":[{"href":"https:\/\/menslab.com\/es\/wp-json\/wp\/v2\/pages"}],"about":[{"href":"https:\/\/menslab.com\/es\/wp-json\/wp\/v2\/types\/page"}],"author":[{"embeddable":true,"href":"https:\/\/menslab.com\/es\/wp-json\/wp\/v2\/users\/3"}],"replies":[{"embeddable":true,"href":"https:\/\/menslab.com\/es\/wp-json\/wp\/v2\/comments?post=19696"}],"version-history":[{"count":0,"href":"https:\/\/menslab.com\/es\/wp-json\/wp\/v2\/pages\/19696\/revisions"}],"up":[{"embeddable":true,"href":"https:\/\/menslab.com\/es\/wp-json\/wp\/v2\/pages\/20517"}],"wp:attachment":[{"href":"https:\/\/menslab.com\/es\/wp-json\/wp\/v2\/media?parent=19696"}],"curies":[{"name":"wp","href":"https:\/\/api.w.org\/{rel}","templated":true}]}}