{"id":20517,"date":"2018-10-11T19:30:03","date_gmt":"2018-10-11T17:30:03","guid":{"rendered":"https:\/\/menslab.com\/quienes-somos-2\/"},"modified":"2024-04-22T19:01:21","modified_gmt":"2024-04-22T17:01:21","slug":"quienes-somos","status":"publish","type":"page","link":"https:\/\/menslab.com\/es\/quienes-somos\/","title":{"rendered":"Qui\u00e9nes somos"},"content":{"rendered":"<p>[vc_row css_animation=\u00bb\u00bb row_type=\u00bbrow\u00bb use_row_as_full_screen_section=\u00bbno\u00bb type=\u00bbfull_width\u00bb angled_section=\u00bbno\u00bb text_align=\u00bbleft\u00bb background_image_as_pattern=\u00bbwithout_pattern\u00bb][vc_column offset=\u00bbvc_hidden-sm vc_hidden-xs\u00bb][vc_column_text]<nav aria-label=\"breadcrumbs\">\n            <div class=\"breadcrumb-container theme4\">\n                <ol>\n                    <li><a title=\"Sei in:\" href=\"#\"><span>Sei in:<\/span><\/a><span class=\"separator\">&gt;<\/span><\/li>\n                    <\/ol>\n            <\/div>\n        <\/nav>    <script type=\"application\/ld+json\">\n        {\n            \"@context\": \"http:\/\/schema.org\",\n            \"@type\": \"BreadcrumbList\",\n            \"itemListElement\": [\n                 {\n                            \"@type\": \"ListItem\",\n                            \"position\": 1,\n                            \"item\": {\n                                \"@id\": \"#\",\n                                \"name\": \"Sei in:\"\n                            }\n                        }\n                                                    ]\n        }\n    <\/script>\n    <style type=\"text\/css\">\n        .breadcrumb-container {\n            font-size: 13px;\n        }\n\n        .breadcrumb-container ul {\n            margin: 0;\n            padding: 0;\n        }\n\n        .breadcrumb-container li {\n            box-sizing: unset;\n            display: inline-block;\n            margin: 0;\n            padding: 0;\n        }\n\n        .breadcrumb-container li a {\n            box-sizing: unset;\n            padding: 0 10px;\n        }\n\n        .breadcrumb-container {\n            font-size: 14px !important;\n                    }\n\n        .breadcrumb-container li a {\n            color: #f7f7f7 !important;\n            font-size: 14px !important;\n            line-height: 14px !important;\n                    }\n\n        .breadcrumb-container li .separator {\n            color: #ffffff !important;\n            font-size: 14px !important;\n                    }\n\n        .breadcrumb-container li:last-child .separator {\n            display: none;\n        }\n    <\/style>\n    <style type=\"text\/css\">\n\n        .breadcrumb-container.theme4 li {\n            display: inline-block;\n            margin: 0 14px;\n            padding: 0;\n        }\n\n        .breadcrumb-container.theme4 a {\n            background: #28b0ff;\n            color: rgb(102, 102, 102);\n            display: inline-block;\n            font-size: 14px;\n            height: 16px;\n            margin: 0;\n            padding: 5px 10px;\n            text-decoration: none;\n            position:relative;\n        }\n\n\n        .breadcrumb-container.theme4 a::after {\n            -moz-border-bottom-colors: none;\n            -moz-border-left-colors: none;\n            -moz-border-right-colors: none;\n            -moz-border-top-colors: none;\n            border-color: rgba(0, 0, 0, 0) rgba(0, 0, 0, 0) rgba(0, 0, 0, 0) #28b0ff;\n            border-image: none;\n            border-style: solid;\n            border-width: 13px;\n            content: \" \";\n            display: inline-block;\n            height: 0;\n            line-height: 0;\n            position: absolute;\n            right: -26px;\n            top: 0;\n            width: 0;\n        }\n\n        .breadcrumb-container.theme4 .separator {\n            display: none;\n        }\n    <\/style>\n        <style type=\"text\/css\">\n            <\/style>\n    <script>\n            <\/script>\n[\/vc_column_text][\/vc_column][\/vc_row][vc_row css_animation=\u00bb\u00bb row_type=\u00bbrow\u00bb use_row_as_full_screen_section=\u00bbno\u00bb type=\u00bbfull_width\u00bb angled_section=\u00bbno\u00bb text_align=\u00bbleft\u00bb background_image_as_pattern=\u00bbwithout_pattern\u00bb][vc_column width=\u00bb1\/6&#8243;][\/vc_column][vc_column width=\u00bb2\/3&#8243;][vc_empty_space]<div class=\"custom_font_holder\" style=\"font-family: Sanchez; font-size: 26px; line-height: 30px; font-style: normal; font-weight: 600; color: #545454; text-decoration: none; text-align: center;\">Menslab \u2013 nuestros formadores y coach senior<\/div>[vc_separator type=\u00bbsmall\u00bb position=\u00bbcenter\u00bb color=\u00bb#545454&#8243; thickness=\u00bb1&#8243; up=\u00bb15&#8243; down=\u00bb10&#8243;][vc_empty_space][\/vc_column][vc_column width=\u00bb1\/6&#8243;][\/vc_column][\/vc_row][vc_row css_animation=\u00bb\u00bb row_type=\u00bbrow\u00bb use_row_as_full_screen_section=\u00bbno\u00bb type=\u00bbfull_width\u00bb angled_section=\u00bbno\u00bb text_align=\u00bbleft\u00bb background_image_as_pattern=\u00bbwithout_pattern\u00bb][vc_column width=\u00bb1\/6&#8243;][\/vc_column][vc_column width=\u00bb2\/3&#8243;][vc_empty_space height=\u00bb10&#8243;][vc_column_text]<\/p>\n<p style=\"text-align: center;\">Somos un grupo de profesionales que comparten la pasi\u00f3n por el crecimiento, la evoluci\u00f3n y lo concreto. Un grupo de personas que dedica tiempo a aprender de la experiencia, experimentando nuevos modelos y compar\u00e1ndose con modelos de excelencia, para descubrir qu\u00e9 funciona y mejorarlo.<\/p>\n<p>[\/vc_column_text][vc_empty_space height=\u00bb50px\u00bb el_class=\u00bbspazio\u00bb][\/vc_column][vc_column width=\u00bb1\/6&#8243;][\/vc_column][\/vc_row][vc_row css_animation=\u00bb\u00bb row_type=\u00bbrow\u00bb use_row_as_full_screen_section=\u00bbno\u00bb type=\u00bbgrid\u00bb angled_section=\u00bbno\u00bb text_align=\u00bbleft\u00bb background_image_as_pattern=\u00bbwithout_pattern\u00bb z_index=\u00bb\u00bb][vc_column][qode_elements_holder number_of_columns=\u00bbthree_columns\u00bb switch_to_one_column=\u00bb600&#8243; alignment_one_column=\u00bbleft\u00bb][qode_elements_holder_item vertical_alignment=\u00bbtop\u00bb advanced_animations=\u00bbno\u00bb item_padding=\u00bb10px 10px 10px 10px\u00bb]<div class='q_team'><div class='q_team_inner'><div class='q_team_image'><img itemprop='image' src='https:\/\/menslab.com\/wp-content\/uploads\/giuseppeMELI.jpg' alt='Giuseppe Meli' \/><div class='q_team_description_wrapper'><div class='q_team_description'><div class='q_team_description_inner'><p>Master Certified Coach, es director did\u00e1ctico de Menslab y coordina los programas de supervisi\u00f3n y especializaci\u00f3n en coaching y los itinerarios de cambio de gesti\u00f3n empresariales.<\/p><\/div><\/div><\/div><\/div><div class='q_team_text' style=border-style:solid;border-color:#13456d;border-width:1px;'><div class='q_team_text_inner'><div class='q_team_title_holder'><h3 class='q_team_name' style = ''>Giuseppe Meli<\/h3><span style = ''>Senior partner<\/span><\/div><div class='separator small center' style = 'background-color: #13456d;'><\/div><\/div><div class='q_team_social_holder'><span class='q_social_icon_holder normal_social' ><a itemprop='url' href='mailto:giuseppe.meli@menslab.com' target='_self'><i class=\"qode_icon_font_awesome fa fa-envelope fa-2x simple_social\" style=\"\" ><\/i><\/a><\/span><\/div><\/div><\/div><\/div><a  itemprop=\"url\" href=\"https:\/\/menslab.com\/es\/quienes-somos\/giuseppe-meli\/\" target=\"_self\"  class=\"qbutton  big_large_full_width center default\" style=\"color: #ffffff; border-color: #13456d; margin: 0px 0px 0px 0px; background-color: #13456d;\">Ir a perfil<\/a>[\/qode_elements_holder_item][qode_elements_holder_item vertical_alignment=\u00bbtop\u00bb advanced_animations=\u00bbno\u00bb item_padding=\u00bb10px 10px 10px 10px\u00bb]<div class='q_team'><div class='q_team_inner'><div class='q_team_image'><img itemprop='image' src='https:\/\/menslab.com\/wp-content\/uploads\/jacopoRIVOLTELLA.jpg' alt='Jacopo Rivoltella' \/><div class='q_team_description_wrapper'><div class='q_team_description'><div class='q_team_description_inner'><p>Master Certified Coach, ha coproyectado el programa de formaci\u00f3n y certificaci\u00f3n para coach sist\u00e9mico evolutivo y es uno de los formadores de coach y de supervisores principales del programa.<\/p><\/div><\/div><\/div><\/div><div class='q_team_text' style=border-style:solid;border-color:#13456d;border-width:1px;'><div class='q_team_text_inner'><div class='q_team_title_holder'><h3 class='q_team_name' style = ''>Jacopo Rivoltella<\/h3><span style = ''>Senior partner<\/span><\/div><div class='separator small center' style = 'background-color: #13456d;'><\/div><\/div><div class='q_team_social_holder'><span class='q_social_icon_holder normal_social' ><a itemprop='url' href='mailto:jacopo.rivoltella@menslab.com' target='_self'><i class=\"qode_icon_font_awesome fa fa-envelope fa-2x simple_social\" style=\"\" ><\/i><\/a><\/span><\/div><\/div><\/div><\/div><a  itemprop=\"url\" href=\"https:\/\/menslab.com\/es\/quienes-somos\/jacopo-rivoltella\/\" target=\"_self\"  class=\"qbutton  big_large_full_width center default\" style=\"color: #ffffff; border-color: #13456d; margin: 0px 0px 0px 0px; background-color: #13456d;\">Ir a perfil<\/a>[\/qode_elements_holder_item][qode_elements_holder_item vertical_alignment=\u00bbtop\u00bb advanced_animations=\u00bbno\u00bb item_padding=\u00bb10px 10px 10px 10px\u00bb]<div class='q_team'><div class='q_team_inner'><div class='q_team_image'><img itemprop='image' src='https:\/\/menslab.com\/wp-content\/uploads\/MargaretKrigbaum.jpg' alt='Margaret Krigbaum' \/><div class='q_team_description_wrapper'><div class='q_team_description'><div class='q_team_description_inner'><p>Master Certified Coach, Mentor Coach y Supervisor. Ofrece programas de alta especializaci\u00f3n para coach profesionales de todo el mundo.<\/p><\/div><\/div><\/div><\/div><div class='q_team_text' style=border-style:solid;border-color:#13456d;border-width:1px;'><div class='q_team_text_inner'><div class='q_team_title_holder'><h3 class='q_team_name' style = ''>Margaret Krigbaum<\/h3><span style = ''>Senior partner<\/span><\/div><div class='separator small center' style = 'background-color: #13456d;'><\/div><\/div><div class='q_team_social_holder'><span class='q_social_icon_holder normal_social' ><i class=\"qode_icon_font_awesome fa fa-envelope fa-2x simple_social\" style=\"\" ><\/i><\/span><\/div><\/div><\/div><\/div><a  itemprop=\"url\" href=\"https:\/\/menslab.com\/es\/quienes-somos\/margaret-krigbaum\/\" target=\"_self\"  class=\"qbutton  big_large_full_width center default\" style=\"color: #ffffff; border-color: #13456d; margin: 0px 0px 0px 0px; background-color: #13456d;\">Ir a perfil<\/a>[\/qode_elements_holder_item][\/qode_elements_holder][\/vc_column][vc_column][vc_empty_space height=\u00bb30px\u00bb el_class=\u00bbspazio\u00bb][\/vc_column][\/vc_row][vc_row css_animation=\u00bb\u00bb row_type=\u00bbrow\u00bb use_row_as_full_screen_section=\u00bbno\u00bb type=\u00bbgrid\u00bb angled_section=\u00bbno\u00bb text_align=\u00bbleft\u00bb background_image_as_pattern=\u00bbwithout_pattern\u00bb z_index=\u00bb\u00bb][vc_column][qode_elements_holder number_of_columns=\u00bbthree_columns\u00bb switch_to_one_column=\u00bb600&#8243; alignment_one_column=\u00bbleft\u00bb][qode_elements_holder_item vertical_alignment=\u00bbtop\u00bb advanced_animations=\u00bbno\u00bb item_padding=\u00bb10px 10px 10px 10px\u00bb]<div class='q_team'><div class='q_team_inner'><div class='q_team_image'><img itemprop='image' src='https:\/\/menslab.com\/wp-content\/uploads\/monica-albuja.jpg' alt='Monica Albuja' \/><div class='q_team_description_wrapper'><div class='q_team_description'><div class='q_team_description_inner'><p>Master Certified Coach y NLP Master Practitioner. Formador senior en las \u00e1reas de comunicaci\u00f3n y marketing. Coach para la innovaci\u00f3n estrat\u00e9gica.<\/p><\/div><\/div><\/div><\/div><div class='q_team_text' style=border-style:solid;border-color:#13456d;border-width:1px;'><div class='q_team_text_inner'><div class='q_team_title_holder'><h3 class='q_team_name' style = ''>Monica Albuja<\/h3><span style = ''>Executive coach. Mentor Coach y Trainer<\/span><\/div><div class='separator small center' style = 'background-color: #13456d;'><\/div><\/div><div class='q_team_social_holder'><span class='q_social_icon_holder normal_social' ><a itemprop='url' href='mailto:monica.albuja@menslab.com' target='_self'><i class=\"qode_icon_font_awesome fa fa-envelope fa-2x simple_social\" style=\"\" ><\/i><\/a><\/span><\/div><\/div><\/div><\/div><a  itemprop=\"url\" href=\"https:\/\/menslab.com\/es\/quienes-somos\/monica_albuja\/\" target=\"_self\"  class=\"qbutton  big_large_full_width center default\" style=\"color: #ffffff; border-color: #13456d; margin: 0px 0px 0px 0px; background-color: #13456d;\">Ir a perfil<\/a>[\/qode_elements_holder_item][qode_elements_holder_item vertical_alignment=\u00bbtop\u00bb advanced_animations=\u00bbno\u00bb item_padding=\u00bb10px 10px 10px 10px\u00bb]<div class='q_team'><div class='q_team_inner'><div class='q_team_image'><img itemprop='image' src='https:\/\/menslab.com\/wp-content\/uploads\/Mara-Anita-Bardellini-bianco-e-nero-2.jpg' alt='Mara Anita Bardellini bianco e nero' \/><div class='q_team_description_wrapper'><div class='q_team_description'><div class='q_team_description_inner'><p>Associate Certified Coach, Business, Life y Team Coach.<\/p><\/div><\/div><\/div><\/div><div class='q_team_text' style=border-style:solid;border-color:#13456d;border-width:1px;'><div class='q_team_text_inner'><div class='q_team_title_holder'><h3 class='q_team_name' style = ''>Mara Anita Bardellini<\/h3><span style = ''>Coach y Trainer<\/span><\/div><div class='separator small center' style = 'background-color: #13456d;'><\/div><\/div><div class='q_team_social_holder'><span class='q_social_icon_holder normal_social' ><a itemprop='url' href='mailto:mara.bardellini@menslab.com' target='_self'><i class=\"qode_icon_font_awesome fa fa-envelope fa-2x simple_social\" style=\"\" ><\/i><\/a><\/span><\/div><\/div><\/div><\/div><a  itemprop=\"url\" href=\"https:\/\/menslab.com\/en\/who-we-are\/mara-anita-bardellini\/\" target=\"_self\"  class=\"qbutton  big_large_full_width center default\" style=\"color: #ffffff; border-color: #13456d; margin: 0px 0px 0px 0px; background-color: #13456d;\">Ir a perfil<\/a>[\/qode_elements_holder_item][qode_elements_holder_item vertical_alignment=\u00bbtop\u00bb advanced_animations=\u00bbno\u00bb item_padding=\u00bb10px 10px 10px 10px\u00bb]<div class='q_team'><div class='q_team_inner'><div class='q_team_image'><img itemprop='image' src='https:\/\/menslab.com\/wp-content\/uploads\/peterbusby.png' alt='peterbusby' \/><div class='q_team_description_wrapper'><div class='q_team_description'><div class='q_team_description_inner'><p>Professional Certified Coach, Mentor Coach y Supervisor. De 2016 a 2018 ocup\u00f3 el cargo de embajador local de ICF para Lazio.<\/p><\/div><\/div><\/div><\/div><div class='q_team_text' style=border-style:solid;border-color:#13456d;border-width:1px;'><div class='q_team_text_inner'><div class='q_team_title_holder'><h3 class='q_team_name' style = ''>Peter Busby<\/h3><span style = ''>Coach y Mentor<\/span><\/div><div class='separator small center' style = 'background-color: #13456d;'><\/div><\/div><div class='q_team_social_holder'><span class='q_social_icon_holder normal_social' ><a itemprop='url' href='mailto:peter.busby@menslab.com' target='_self'><i class=\"qode_icon_font_awesome fa fa-envelope fa-2x simple_social\" style=\"\" ><\/i><\/a><\/span><\/div><\/div><\/div><\/div><a  itemprop=\"url\" href=\"\" target=\"_self\"  class=\"qbutton  big_large_full_width center default\" style=\"color: #ffffff; border-color: #13456d; margin: 0px 0px 0px 0px; background-color: #13456d;\">Ir a perfil<\/a>[\/qode_elements_holder_item][\/qode_elements_holder][\/vc_column][vc_column][vc_empty_space height=\u00bb30px\u00bb el_class=\u00bbspazio\u00bb][\/vc_column][\/vc_row][vc_row css_animation=\u00bb\u00bb row_type=\u00bbrow\u00bb use_row_as_full_screen_section=\u00bbno\u00bb type=\u00bbgrid\u00bb angled_section=\u00bbno\u00bb text_align=\u00bbleft\u00bb background_image_as_pattern=\u00bbwithout_pattern\u00bb z_index=\u00bb\u00bb][vc_column][qode_elements_holder number_of_columns=\u00bbthree_columns\u00bb switch_to_one_column=\u00bb600&#8243; alignment_one_column=\u00bbleft\u00bb][qode_elements_holder_item vertical_alignment=\u00bbtop\u00bb advanced_animations=\u00bbno\u00bb item_padding=\u00bb10px 10px 10px 10px\u00bb]<div class='q_team'><div class='q_team_inner'><div class='q_team_image'><img itemprop='image' src='https:\/\/menslab.com\/wp-content\/uploads\/camilla-cesari-menslab.png' alt='camilla-cesari-menslab' \/><div class='q_team_description_wrapper'><div class='q_team_description'><div class='q_team_description_inner'><p>Master Certified Coach (MCC), con credencial emitida por la ICF - International Coaching Federation. Ofrece Coaching individual y de equipo, tambi\u00e9n Mentoring y Supervisi\u00f3n en cuatro idiomas.<\/p><\/div><\/div><\/div><\/div><div class='q_team_text' style=border-style:solid;border-color:#13456d;border-width:1px;'><div class='q_team_text_inner'><div class='q_team_title_holder'><h3 class='q_team_name' style = ''>Camilla Cesari<\/h3><span style = ''>Executive Coach, Mentor Coach y Trainer<\/span><\/div><div class='separator small center' style = 'background-color: #13456d;'><\/div><\/div><div class='q_team_social_holder'><span class='q_social_icon_holder normal_social' ><a itemprop='url' href='mailto:camillacesari@gmail.com' target='_self'><i class=\"qode_icon_font_awesome fa fa-envelope fa-2x simple_social\" style=\"\" ><\/i><\/a><\/span><\/div><\/div><\/div><\/div><a  itemprop=\"url\" href=\"https:\/\/menslab.com\/es\/quienes-somos\/camilla-cesari\/\" target=\"_self\"  class=\"qbutton  big_large_full_width center default\" style=\"color: #ffffff; border-color: #13456d; margin: 0px 0px 0px 0px; background-color: #13456d;\">Ir a perfil<\/a>[\/qode_elements_holder_item][qode_elements_holder_item vertical_alignment=\u00bbtop\u00bb advanced_animations=\u00bbno\u00bb item_padding=\u00bb10px 10px 10px 10px\u00bb]<div class='q_team'><div class='q_team_inner'><div class='q_team_image'><img itemprop='image' src='https:\/\/menslab.com\/wp-content\/uploads\/Elena-Goos-1.jpg' alt='elena-goos' \/><div class='q_team_description_wrapper'><div class='q_team_description'><div class='q_team_description_inner'><p>Professional Certified Coach y NLP Master Practitioner. Asesora estrat\u00e9gica especializada en coaching para la carrera y en gesti\u00f3n de la diversidad.<\/p><\/div><\/div><\/div><\/div><div class='q_team_text' style=border-style:solid;border-color:#13456d;border-width:1px;'><div class='q_team_text_inner'><div class='q_team_title_holder'><h3 class='q_team_name' style = ''>Elena Goos<\/h3><span style = ''>Executive coach<\/span><\/div><div class='separator small center' style = 'background-color: #13456d;'><\/div><\/div><div class='q_team_social_holder'><span class='q_social_icon_holder normal_social' ><a itemprop='url' href='mailto:elena.goos@menslab.com' target='_self'><i class=\"qode_icon_font_awesome fa fa-envelope fa-2x simple_social\" style=\"\" ><\/i><\/a><\/span><\/div><\/div><\/div><\/div><a  itemprop=\"url\" href=\"https:\/\/menslab.com\/es\/quienes-somos\/elena_goos\/\" target=\"_self\"  class=\"qbutton  big_large_full_width center default\" style=\"color: #ffffff; border-color: #13456d; margin: 0px 0px 0px 0px; background-color: #13456d;\">Ir a perfil<\/a>[\/qode_elements_holder_item][qode_elements_holder_item vertical_alignment=\u00bbtop\u00bb advanced_animations=\u00bbno\u00bb item_padding=\u00bb10px 10px 10px 10px\u00bb]<div class='q_team'><div class='q_team_inner'><div class='q_team_image'><img itemprop='image' src='https:\/\/menslab.com\/wp-content\/uploads\/Paola-Patetta-b-n-2.jpg' alt='Paola-Patetta-b-n' \/><div class='q_team_description_wrapper'><div class='q_team_description'><div class='q_team_description_inner'><p>Professional Certified Coach designed by the International Coaching Federation (ICF) with over 20 years of corporate and leadership experience.<\/p><\/div><\/div><\/div><\/div><div class='q_team_text' style=border-style:solid;border-color:#13456d;border-width:1px;'><div class='q_team_text_inner'><div class='q_team_title_holder'><h3 class='q_team_name' style = ''>Paola Patetta<\/h3><span style = ''>Executive Coach - Mentor Coach e Supervisor<\/span><\/div><div class='separator small center' style = 'background-color: #13456d;'><\/div><\/div><div class='q_team_social_holder'><span class='q_social_icon_holder normal_social' ><i class=\"qode_icon_font_awesome fa fa-envelope fa-2x simple_social\" style=\"\" ><\/i><\/span><\/div><\/div><\/div><\/div><a  itemprop=\"url\" href=\"https:\/\/menslab.com\/en\/who-we-are\/paola-patetta\/\" target=\"_self\"  class=\"qbutton  big_large_full_width center default\" style=\"color: #ffffff; border-color: #13456d; margin: 0px 0px 0px 0px; background-color: #13456d;\">Ir a perfil<\/a>[\/qode_elements_holder_item][\/qode_elements_holder][\/vc_column][vc_column][vc_empty_space height=\u00bb30px\u00bb el_class=\u00bbspazio\u00bb][\/vc_column][\/vc_row][vc_row css_animation=\u00bb\u00bb row_type=\u00bbrow\u00bb use_row_as_full_screen_section=\u00bbno\u00bb type=\u00bbgrid\u00bb angled_section=\u00bbno\u00bb text_align=\u00bbleft\u00bb background_image_as_pattern=\u00bbwithout_pattern\u00bb z_index=\u00bb\u00bb][vc_column][qode_elements_holder number_of_columns=\u00bbthree_columns\u00bb switch_to_one_column=\u00bb600&#8243; alignment_one_column=\u00bbleft\u00bb][qode_elements_holder_item vertical_alignment=\u00bbtop\u00bb advanced_animations=\u00bbno\u00bb item_padding=\u00bb10px 10px 10px 10px\u00bb]<\/p>\n","protected":false},"excerpt":{"rendered":"<p>[vc_row css_animation=\u00bb\u00bb row_type=\u00bbrow\u00bb use_row_as_full_screen_section=\u00bbno\u00bb type=\u00bbfull_width\u00bb angled_section=\u00bbno\u00bb text_align=\u00bbleft\u00bb background_image_as_pattern=\u00bbwithout_pattern\u00bb][vc_column offset=\u00bbvc_hidden-sm vc_hidden-xs\u00bb][vc_column_text][\/vc_column_text][\/vc_column][\/vc_row][vc_row css_animation=\u00bb\u00bb row_type=\u00bbrow\u00bb use_row_as_full_screen_section=\u00bbno\u00bb type=\u00bbfull_width\u00bb angled_section=\u00bbno\u00bb text_align=\u00bbleft\u00bb background_image_as_pattern=\u00bbwithout_pattern\u00bb][vc_column width=\u00bb1\/6&#8243;][\/vc_column][vc_column width=\u00bb2\/3&#8243;][vc_empty_space][vc_separator type=\u00bbsmall\u00bb position=\u00bbcenter\u00bb color=\u00bb#545454&#8243; thickness=\u00bb1&#8243; up=\u00bb15&#8243; down=\u00bb10&#8243;][vc_empty_space][\/vc_column][vc_column width=\u00bb1\/6&#8243;][\/vc_column][\/vc_row][vc_row css_animation=\u00bb\u00bb row_type=\u00bbrow\u00bb use_row_as_full_screen_section=\u00bbno\u00bb type=\u00bbfull_width\u00bb angled_section=\u00bbno\u00bb text_align=\u00bbleft\u00bb background_image_as_pattern=\u00bbwithout_pattern\u00bb][vc_column width=\u00bb1\/6&#8243;][\/vc_column][vc_column width=\u00bb2\/3&#8243;][vc_empty_space height=\u00bb10&#8243;][vc_column_text] Somos un grupo de profesionales que comparten la pasi\u00f3n&#8230;<\/p>\n","protected":false},"author":1,"featured_media":0,"parent":0,"menu_order":0,"comment_status":"open","ping_status":"open","template":"full_width.php","meta":{"footnotes":""},"class_list":["post-20517","page","type-page","status-publish","hentry"],"_links":{"self":[{"href":"https:\/\/menslab.com\/es\/wp-json\/wp\/v2\/pages\/20517","targetHints":{"allow":["GET"]}}],"collection":[{"href":"https:\/\/menslab.com\/es\/wp-json\/wp\/v2\/pages"}],"about":[{"href":"https:\/\/menslab.com\/es\/wp-json\/wp\/v2\/types\/page"}],"author":[{"embeddable":true,"href":"https:\/\/menslab.com\/es\/wp-json\/wp\/v2\/users\/1"}],"replies":[{"embeddable":true,"href":"https:\/\/menslab.com\/es\/wp-json\/wp\/v2\/comments?post=20517"}],"version-history":[{"count":0,"href":"https:\/\/menslab.com\/es\/wp-json\/wp\/v2\/pages\/20517\/revisions"}],"wp:attachment":[{"href":"https:\/\/menslab.com\/es\/wp-json\/wp\/v2\/media?parent=20517"}],"curies":[{"name":"wp","href":"https:\/\/api.w.org\/{rel}","templated":true}]}}