{"id":22913,"date":"2022-03-29T18:29:05","date_gmt":"2022-03-29T16:29:05","guid":{"rendered":"https:\/\/menslab.com\/quienes-somos\/camilla-cesari\/"},"modified":"2022-11-29T18:11:22","modified_gmt":"2022-11-29T17:11:22","slug":"camilla-cesari","status":"publish","type":"page","link":"https:\/\/menslab.com\/es\/quienes-somos\/camilla-cesari\/","title":{"rendered":"Camilla Cesari"},"content":{"rendered":"<p>[vc_row css_animation=\u00bb\u00bb row_type=\u00bbrow\u00bb use_row_as_full_screen_section=\u00bbno\u00bb type=\u00bbfull_width\u00bb angled_section=\u00bbno\u00bb text_align=\u00bbleft\u00bb background_image_as_pattern=\u00bbwithout_pattern\u00bb][vc_column][vc_empty_space][vc_column_text]<nav aria-label=\"breadcrumbs\">\n            <div class=\"breadcrumb-container theme4\">\n                <ol>\n                    <li><a title=\"Sei in:\" href=\"#\"><span>Sei in:<\/span><\/a><span class=\"separator\">&gt;<\/span><\/li>\n                    <\/ol>\n            <\/div>\n        <\/nav>    <script type=\"application\/ld+json\">\n        {\n            \"@context\": \"http:\/\/schema.org\",\n            \"@type\": \"BreadcrumbList\",\n            \"itemListElement\": [\n                 {\n                            \"@type\": \"ListItem\",\n                            \"position\": 1,\n                            \"item\": {\n                                \"@id\": \"#\",\n                                \"name\": \"Sei in:\"\n                            }\n                        }\n                                                    ]\n        }\n    <\/script>\n    <style type=\"text\/css\">\n        .breadcrumb-container {\n            font-size: 13px;\n        }\n\n        .breadcrumb-container ul {\n            margin: 0;\n            padding: 0;\n        }\n\n        .breadcrumb-container li {\n            box-sizing: unset;\n            display: inline-block;\n            margin: 0;\n            padding: 0;\n        }\n\n        .breadcrumb-container li a {\n            box-sizing: unset;\n            padding: 0 10px;\n        }\n\n        .breadcrumb-container {\n            font-size: 14px !important;\n                    }\n\n        .breadcrumb-container li a {\n            color: #f7f7f7 !important;\n            font-size: 14px !important;\n            line-height: 14px !important;\n                    }\n\n        .breadcrumb-container li .separator {\n            color: #ffffff !important;\n            font-size: 14px !important;\n                    }\n\n        .breadcrumb-container li:last-child .separator {\n            display: none;\n        }\n    <\/style>\n    <style type=\"text\/css\">\n\n        .breadcrumb-container.theme4 li {\n            display: inline-block;\n            margin: 0 14px;\n            padding: 0;\n        }\n\n        .breadcrumb-container.theme4 a {\n            background: #28b0ff;\n            color: rgb(102, 102, 102);\n            display: inline-block;\n            font-size: 14px;\n            height: 16px;\n            margin: 0;\n            padding: 5px 10px;\n            text-decoration: none;\n            position:relative;\n        }\n\n\n        .breadcrumb-container.theme4 a::after {\n            -moz-border-bottom-colors: none;\n            -moz-border-left-colors: none;\n            -moz-border-right-colors: none;\n            -moz-border-top-colors: none;\n            border-color: rgba(0, 0, 0, 0) rgba(0, 0, 0, 0) rgba(0, 0, 0, 0) #28b0ff;\n            border-image: none;\n            border-style: solid;\n            border-width: 13px;\n            content: \" \";\n            display: inline-block;\n            height: 0;\n            line-height: 0;\n            position: absolute;\n            right: -26px;\n            top: 0;\n            width: 0;\n        }\n\n        .breadcrumb-container.theme4 .separator {\n            display: none;\n        }\n    <\/style>\n        <style type=\"text\/css\">\n            <\/style>\n    <script>\n            <\/script>\n[\/vc_column_text][vc_empty_space][vc_empty_space][vc_column_text]<\/p>\n<h1 style=\"color: #545454;\" title=\"Camilla Cesari\">Camilla Cesari<\/h1>\n<p>[\/vc_column_text][vc_separator type=\u00bbsmall\u00bb position=\u00bbleft\u00bb color=\u00bb#545454&#8243;][\/vc_column][\/vc_row][vc_row css_animation=\u00bb\u00bb row_type=\u00bbrow\u00bb use_row_as_full_screen_section=\u00bbno\u00bb type=\u00bbfull_width\u00bb angled_section=\u00bbno\u00bb text_align=\u00bbleft\u00bb background_image_as_pattern=\u00bbwithout_pattern\u00bb][vc_column width=\u00bb1\/2&#8243;][vc_empty_space][vc_column_text]<strong>Camilla Cesari<\/strong> es licenciada en econ\u00f3micas con un master en derecho tributario. Despu\u00e9s de diez a\u00f1os de experiencia c\u00f3mo asesora financiera especializada en fiscalidad internacional, en 2010, se mud\u00f3 a Australia donde realiz\u00f3 un <strong>MBA en la Universidad de Adelaide<\/strong>. Al llegar a Australia, decidi\u00f3 empezar un proceso de coaching como cliente, e inspirada por el impacto que tuvo sobre su persona, en 2011 decidi\u00f3 formarse como tal; inicialmente en Australia apoy\u00e1ndose en Coach U (Australasia y Internacional) y de vuelta en Italia, desde 2013 con Menslab &#8211; Coaching &amp; Training.<br \/>\n[vc_separator type=&#8217;transparent&#8217; position=&#8217;center&#8217; color=\u00bb thickness=&#8217;0&#8242; up=&#8217;3&#8242; down=\u00bb]<br \/>\nCamilla es una <strong>Master Certified Coach (MCC),<\/strong> con credencial emitida por la Federaci\u00f3n Internacional de Coaching (ICF).[\/vc_column_text][vc_empty_space][\/vc_column][vc_column width=\u00bb1\/2&#8243;][vc_column_text]<img loading=\"lazy\" decoding=\"async\" class=\"aligncenter wp-image-22906 size-full\" src=\"https:\/\/menslab.com\/wp-content\/uploads\/camilla-cesari-profilo.png\" alt=\"camilla cesari professional coach\" width=\"560\" height=\"300\" srcset=\"https:\/\/menslab.com\/wp-content\/uploads\/camilla-cesari-profilo.png 560w, https:\/\/menslab.com\/wp-content\/uploads\/camilla-cesari-profilo-300x161.png 300w\" sizes=\"auto, (max-width: 560px) 100vw, 560px\" \/>[\/vc_column_text][\/vc_column][\/vc_row][vc_row css_animation=\u00bb\u00bb row_type=\u00bbrow\u00bb use_row_as_full_screen_section=\u00bbno\u00bb type=\u00bbfull_width\u00bb angled_section=\u00bbno\u00bb text_align=\u00bbleft\u00bb background_image_as_pattern=\u00bbwithout_pattern\u00bb][vc_column][vc_column_text]En su trabajo aprovecha de las diferentes experiencias de vida y profesionales que ha tenido: <strong>manager en empresas locales y multinacionales en tres continentes distintos<\/strong>. Asocia a una profunda pasi\u00f3n por el coaching, su innata curiosidad y empuje hacia el aprendizaje continuo para su crecimiento personal y profesional.<br \/>\n[vc_separator type=&#8217;transparent&#8217; position=&#8217;center&#8217; color=\u00bb thickness=&#8217;0&#8242; up=&#8217;3&#8242; down=\u00bb]Camilla ha acumulado <strong>m\u00e1s de 2.800 horas de experiencia de coaching individual y de equipo<\/strong>. Sus clientes son principalmente ejecutivos y gerentes de empresa a nivel internacional.<br \/>\n[vc_separator type=&#8217;transparent&#8217; position=&#8217;center&#8217; color=\u00bb thickness=&#8217;0&#8242; up=&#8217;3&#8242; down=\u00bb]Adem\u00e1s de coaching, Camilla ofrece tambi\u00e9n <strong>mentoring y supervisi\u00f3n para coaches<\/strong> que desean evolucionar a nivel personal y profesional sus competencias de coaching.<br \/>\n[vc_separator type=&#8217;transparent&#8217; position=&#8217;center&#8217; color=\u00bb thickness=&#8217;0&#8242; up=&#8217;3&#8242; down=\u00bb]Camilla ha tenido la oportunidad de desarrollar procesos de coaching con <strong>clientes de m\u00e1s de cuarenta pa\u00edses diferentes<\/strong>, operando principalmente online en cuatro idiomas: <strong>ingl\u00e9s, espa\u00f1ol, franc\u00e9s y italiano<\/strong>.[\/vc_column_text][vc_empty_space][\/vc_column][\/vc_row][vc_row css_animation=\u00bb\u00bb row_type=\u00bbrow\u00bb use_row_as_full_screen_section=\u00bbno\u00bb type=\u00bbfull_width\u00bb angled_section=\u00bbno\u00bb text_align=\u00bbleft\u00bb background_image_as_pattern=\u00bbwithout_pattern\u00bb][vc_column width=\u00bb1\/2&#8243;]<div class='q_icon_with_title medium normal_icon '><div class=\"icon_holder \" style=\" \"><span data-icon-type=\"normal\"   style=\"\" class=\"qode_iwt_icon_holder q_font_awsome_icon fa-3x  \"><i class=\"qodef-icon-linea-icon icon-basic-cup qode_iwt_icon_element\" style=\"\" ><\/i><\/span><\/div><div class=\"icon_text_holder\" style=\"\"><div class=\"icon_text_inner\" style=\"\"><h4 class=\"icon_title\" style=\"\">Habilidades<\/h4><p style=''>Coaching individual y de equipo - Mentoring y Supervisi\u00f3n<\/p><\/div><\/div><\/div>[\/vc_column][vc_column width=\u00bb1\/2&#8243;]<div class='q_icon_with_title medium normal_icon '><div class=\"icon_holder \" style=\" \"><span data-icon-type=\"normal\"   style=\"\" class=\"qode_iwt_icon_holder q_font_awsome_icon fa-3x  \"><i class=\"qodef-icon-linea-icon icon-basic-geolocalize-01 qode_iwt_icon_element\" style=\"color: #ff9900;\" ><\/i><\/span><\/div><div class=\"icon_text_holder\" style=\"\"><div class=\"icon_text_inner\" style=\"\"><h4 class=\"icon_title\" style=\"\">Zonas de competencia<\/h4><p style=''>Online<\/p><\/div><\/div><\/div>[\/vc_column][vc_column][vc_empty_space][\/vc_column][\/vc_row][vc_row css_animation=\u00bb\u00bb row_type=\u00bbrow\u00bb use_row_as_full_screen_section=\u00bbno\u00bb type=\u00bbfull_width\u00bb angled_section=\u00bbno\u00bb text_align=\u00bbleft\u00bb background_image_as_pattern=\u00bbwithout_pattern\u00bb][vc_column][vc_column_text]<\/p>\n<p style=\"display: none!important;\"><img decoding=\"async\" src=\"https:\/\/menslab.com\/\" alt=\"Camilla Cesari\" \/><\/p>\n<p><a style=\"display: none!important;\" href=\"https:\/\/menslab.com\/es\/calendario\/\" target=\"_blank\" rel=\"noopener noreferrer\">Guarda il calendario<\/a><br \/>\n<a style=\"display: none!important;\" href=\"https:\/\/www.linkedin.com\/company\/menslab\" target=\"_blank\" rel=\"noopener noreferrer\">Seguici su LinkedIn<\/a><\/p>\n<h2 style=\"display: none!important;\">Camilla Cesari<\/h2>\n<h3 style=\"display: none!important;\">Camilla Cesari<\/h3>\n<p>[\/vc_column_text][\/vc_column][\/vc_row]<\/p>\n","protected":false},"excerpt":{"rendered":"<p>[vc_row css_animation=\u00bb\u00bb row_type=\u00bbrow\u00bb use_row_as_full_screen_section=\u00bbno\u00bb type=\u00bbfull_width\u00bb angled_section=\u00bbno\u00bb text_align=\u00bbleft\u00bb background_image_as_pattern=\u00bbwithout_pattern\u00bb][vc_column][vc_empty_space][vc_column_text][\/vc_column_text][vc_empty_space][vc_empty_space][vc_column_text] Camilla Cesari [\/vc_column_text][vc_separator type=\u00bbsmall\u00bb position=\u00bbleft\u00bb color=\u00bb#545454&#8243;][\/vc_column][\/vc_row][vc_row css_animation=\u00bb\u00bb row_type=\u00bbrow\u00bb use_row_as_full_screen_section=\u00bbno\u00bb type=\u00bbfull_width\u00bb angled_section=\u00bbno\u00bb text_align=\u00bbleft\u00bb background_image_as_pattern=\u00bbwithout_pattern\u00bb][vc_column width=\u00bb1\/2&#8243;][vc_empty_space][vc_column_text]Camilla Cesari es licenciada en econ\u00f3micas con un master en derecho tributario. Despu\u00e9s de diez a\u00f1os de experiencia c\u00f3mo asesora financiera especializada en fiscalidad&#8230;<\/p>\n","protected":false},"author":1,"featured_media":0,"parent":20517,"menu_order":0,"comment_status":"closed","ping_status":"closed","template":"","meta":{"footnotes":""},"class_list":["post-22913","page","type-page","status-publish","hentry"],"_links":{"self":[{"href":"https:\/\/menslab.com\/es\/wp-json\/wp\/v2\/pages\/22913","targetHints":{"allow":["GET"]}}],"collection":[{"href":"https:\/\/menslab.com\/es\/wp-json\/wp\/v2\/pages"}],"about":[{"href":"https:\/\/menslab.com\/es\/wp-json\/wp\/v2\/types\/page"}],"author":[{"embeddable":true,"href":"https:\/\/menslab.com\/es\/wp-json\/wp\/v2\/users\/1"}],"replies":[{"embeddable":true,"href":"https:\/\/menslab.com\/es\/wp-json\/wp\/v2\/comments?post=22913"}],"version-history":[{"count":0,"href":"https:\/\/menslab.com\/es\/wp-json\/wp\/v2\/pages\/22913\/revisions"}],"up":[{"embeddable":true,"href":"https:\/\/menslab.com\/es\/wp-json\/wp\/v2\/pages\/20517"}],"wp:attachment":[{"href":"https:\/\/menslab.com\/es\/wp-json\/wp\/v2\/media?parent=22913"}],"curies":[{"name":"wp","href":"https:\/\/api.w.org\/{rel}","templated":true}]}}